{"id":856,"date":"2024-07-17T17:31:40","date_gmt":"2024-07-17T20:31:40","guid":{"rendered":"https:\/\/pluginsds.com\/kitsdigitais\/?post_type=product&#038;p=856"},"modified":"2024-07-17T17:34:51","modified_gmt":"2024-07-17T20:34:51","slug":"caneca-melhor-pai-do-mundo","status":"publish","type":"product","link":"https:\/\/descomplicandosite.com\/studiomm\/produto\/caneca-melhor-pai-do-mundo\/","title":{"rendered":"Caneca Melhor Pai do Mundo"},"content":{"rendered":"<p>Esse \u00e9 um PRODUTO DIGITAL, voc\u00ea n\u00e3o vai receber nada pelos Correios.<\/p>\n<p><strong>Envio Imediato (Autom\u00e1tico)<\/strong><br \/>\nO link para fazer o download \u00e9 enviado por e-mail, logo ap\u00f3s a confirma\u00e7\u00e3o do pagamento. E tamb\u00e9m na sua p\u00e1gina de <a href=\"https:\/\/descomplicandosite.com\/studiomm\/minha-conta\/\">Minha Conta<\/a>.<\/p>\n<p><strong>Itens inclusos no pacote de artes:<\/strong><br \/>\n01 Arte pronta para caneca + Mockup.<\/p>\n<p>Arquivos \u2013 300dpi em PNG + PDF<\/p>\n<p>&nbsp;<\/p>\n<p><strong>Este \u00e9 um produto digital destinado a pessoas que queiram personalizar produtos. N\u00e3o vendemos produtos f\u00edsicos.<\/strong><\/p>\n","protected":false},"excerpt":{"rendered":"<p><strong>Itens inclusos no pacote de artes:<\/strong><br \/>\n01 Arte pronta para caneca + Mockup.<\/p>\n<p>Arquivos \u2013 300dpi em PNG + PDF<\/p>\n","protected":false},"featured_media":857,"comment_status":"open","ping_status":"closed","template":"","meta":[],"product_cat":[71,74],"product_tag":[],"class_list":{"0":"post-856","1":"product","2":"type-product","3":"status-publish","4":"has-post-thumbnail","6":"product_cat-canecas","7":"product_cat-dia-dos-pais","9":"first","10":"instock","11":"sale","12":"downloadable","13":"virtual","14":"purchasable","15":"product-type-simple"},"_links":{"self":[{"href":"https:\/\/descomplicandosite.com\/studiomm\/wp-json\/wp\/v2\/product\/856"}],"collection":[{"href":"https:\/\/descomplicandosite.com\/studiomm\/wp-json\/wp\/v2\/product"}],"about":[{"href":"https:\/\/descomplicandosite.com\/studiomm\/wp-json\/wp\/v2\/types\/product"}],"replies":[{"embeddable":true,"href":"https:\/\/descomplicandosite.com\/studiomm\/wp-json\/wp\/v2\/comments?post=856"}],"wp:featuredmedia":[{"embeddable":true,"href":"https:\/\/descomplicandosite.com\/studiomm\/wp-json\/wp\/v2\/media\/857"}],"wp:attachment":[{"href":"https:\/\/descomplicandosite.com\/studiomm\/wp-json\/wp\/v2\/media?parent=856"}],"wp:term":[{"taxonomy":"product_cat","embeddable":true,"href":"https:\/\/descomplicandosite.com\/studiomm\/wp-json\/wp\/v2\/product_cat?post=856"},{"taxonomy":"product_tag","embeddable":true,"href":"https:\/\/descomplicandosite.com\/studiomm\/wp-json\/wp\/v2\/product_tag?post=856"}],"curies":[{"name":"wp","href":"https:\/\/api.w.org\/{rel}","templated":true}]}}