{"id":767,"date":"2025-04-08T09:56:00","date_gmt":"2025-04-08T09:56:00","guid":{"rendered":"https:\/\/lovepet.bravusagency.com.br\/?page_id=767"},"modified":"2025-06-30T18:58:40","modified_gmt":"2025-06-30T18:58:40","slug":"servicos","status":"publish","type":"page","link":"https:\/\/descomplicandosite.com\/petshop\/servicos\/","title":{"rendered":"Servi\u00e7os"},"content":{"rendered":"\t\t<div data-elementor-type=\"wp-page\" data-elementor-id=\"767\" class=\"elementor elementor-767\">\n\t\t\t\t<div class=\"elementor-element elementor-element-1561b0e e-flex e-con-boxed wpr-particle-no wpr-jarallax-no wpr-parallax-no wpr-sticky-section-no wpr-equal-height-no e-con e-parent\" data-id=\"1561b0e\" data-element_type=\"container\" data-e-type=\"container\" data-settings=\"{&quot;background_background&quot;:&quot;classic&quot;}\">\n\t\t\t\t\t<div class=\"e-con-inner\">\n\t\t\t\t<div class=\"elementor-element elementor-element-43b6957 elementor-invisible elementor-widget elementor-widget-heading\" data-id=\"43b6957\" data-element_type=\"widget\" data-e-type=\"widget\" data-settings=\"{&quot;_animation&quot;:&quot;fadeInUp&quot;}\" data-widget_type=\"heading.default\">\n\t\t\t\t\t<h2 class=\"elementor-heading-title elementor-size-default\">Nossos Servi\u00e7os<\/h2>\t\t\t\t<\/div>\n\t\t\t\t<div class=\"elementor-element elementor-element-6d2e607 elementor-widget__width-initial elementor-widget-mobile__width-inherit elementor-invisible elementor-widget elementor-widget-text-editor\" data-id=\"6d2e607\" data-element_type=\"widget\" data-e-type=\"widget\" data-settings=\"{&quot;_animation&quot;:&quot;fadeInUp&quot;}\" data-widget_type=\"text-editor.default\">\n\t\t\t\t\t\t\t\t\t<p class=\"\" data-start=\"96\" data-end=\"196\">Tudo o que seu pet precisa em um s\u00f3 lugar com qualidade, carinho e profissionais que amam o que fazem.<\/p>\t\t\t\t\t\t\t\t<\/div>\n\t\t\t\t\t<\/div>\n\t\t\t\t<\/div>\n\t\t<div class=\"elementor-element elementor-element-633de7e e-flex e-con-boxed wpr-particle-no wpr-jarallax-no wpr-parallax-no wpr-sticky-section-no wpr-equal-height-no e-con e-parent\" data-id=\"633de7e\" data-element_type=\"container\" data-e-type=\"container\">\n\t\t\t\t\t<div class=\"e-con-inner\">\n\t\t\t\t<div class=\"elementor-element elementor-element-210e297 elementor-widget__width-initial elementor-widget-mobile__width-inherit elementor-widget-tablet__width-inherit elementor-invisible elementor-widget elementor-widget-heading\" data-id=\"210e297\" data-element_type=\"widget\" data-e-type=\"widget\" data-settings=\"{&quot;_animation&quot;:&quot;fadeInUp&quot;}\" data-widget_type=\"heading.default\">\n\t\t\t\t\t<h2 class=\"elementor-heading-title elementor-size-default\">Fornecendo o <span style=\"color: #4F2D96\">melhor servi\u00e7o<\/span> para o seu Pet.\n<\/h2>\t\t\t\t<\/div>\n\t\t\t\t<div class=\"elementor-element elementor-element-38afc6f elementor-widget__width-initial elementor-widget-mobile__width-inherit elementor-widget-tablet__width-inherit elementor-invisible elementor-widget elementor-widget-text-editor\" data-id=\"38afc6f\" data-element_type=\"widget\" data-e-type=\"widget\" data-settings=\"{&quot;_animation&quot;:&quot;fadeInUp&quot;}\" data-widget_type=\"text-editor.default\">\n\t\t\t\t\t\t\t\t\t<p class=\"\" data-start=\"219\" data-end=\"459\">Somos pais de duas meninas pets (Mel e Panqueca) e sabemos como \u00e9 fundamental ter um local que proporciona cuidado, seguran\u00e7a e confian\u00e7a para seu filho pet.<\/p>\t\t\t\t\t\t\t\t<\/div>\n\t\t<div class=\"elementor-element elementor-element-dcb6d23 e-grid e-con-full wpr-particle-no wpr-jarallax-no wpr-parallax-no wpr-sticky-section-no wpr-equal-height-no e-con e-child\" data-id=\"dcb6d23\" data-element_type=\"container\" data-e-type=\"container\">\n\t\t\t\t<div class=\"elementor-element elementor-element-d1ddf48 elementor-position-left elementor-vertical-align-middle animated-slow elementor-invisible elementor-widget elementor-widget-image-box\" data-id=\"d1ddf48\" data-element_type=\"widget\" data-e-type=\"widget\" data-settings=\"{&quot;_animation&quot;:&quot;fadeInLeft&quot;}\" data-widget_type=\"image-box.default\">\n\t\t\t\t\t<div class=\"elementor-image-box-wrapper\"><figure class=\"elementor-image-box-img\"><a href=\"https:\/\/descomplicandosite.com\/petshop\/banho-tosa\/\" tabindex=\"-1\"><img fetchpriority=\"high\" decoding=\"async\" width=\"500\" height=\"500\" src=\"https:\/\/descomplicandosite.com\/petshop\/wp-content\/uploads\/2025\/04\/LovePet-5.png\" class=\"attachment-full size-full wp-image-607\" alt=\"\" srcset=\"https:\/\/descomplicandosite.com\/petshop\/wp-content\/uploads\/2025\/04\/LovePet-5.png 500w, https:\/\/descomplicandosite.com\/petshop\/wp-content\/uploads\/2025\/04\/LovePet-5-300x300.png 300w, https:\/\/descomplicandosite.com\/petshop\/wp-content\/uploads\/2025\/04\/LovePet-5-150x150.png 150w\" sizes=\"(max-width: 500px) 100vw, 500px\" \/><\/a><\/figure><div class=\"elementor-image-box-content\"><h3 class=\"elementor-image-box-title\"><a href=\"https:\/\/descomplicandosite.com\/petshop\/banho-tosa\/\">Banho &amp; Tosa<\/a><\/h3><p class=\"elementor-image-box-description\">Espa\u00e7o climatizado, com \u00e1gua na temperatura adequada, os melhores equipamentos e acess\u00f3rios para seu filho pet sair lindo e cheiroso em cada banho.\n<br><br>\n<span style=\"color: #4F2D96\"><b>Ver servi\u00e7o &gt;<\/b><\/p><\/div><\/div>\t\t\t\t<\/div>\n\t\t\t\t<div class=\"elementor-element elementor-element-8fc0228 elementor-position-left elementor-vertical-align-middle animated-slow elementor-invisible elementor-widget elementor-widget-image-box\" data-id=\"8fc0228\" data-element_type=\"widget\" data-e-type=\"widget\" data-settings=\"{&quot;_animation&quot;:&quot;fadeInRight&quot;}\" data-widget_type=\"image-box.default\">\n\t\t\t\t\t<div class=\"elementor-image-box-wrapper\"><figure class=\"elementor-image-box-img\"><a href=\"https:\/\/descomplicandosite.com\/petshop\/veterinario\/\" tabindex=\"-1\"><img decoding=\"async\" width=\"500\" height=\"500\" src=\"https:\/\/descomplicandosite.com\/petshop\/wp-content\/uploads\/2025\/04\/LovePet-6.png\" class=\"attachment-full size-full wp-image-608\" alt=\"\" srcset=\"https:\/\/descomplicandosite.com\/petshop\/wp-content\/uploads\/2025\/04\/LovePet-6.png 500w, https:\/\/descomplicandosite.com\/petshop\/wp-content\/uploads\/2025\/04\/LovePet-6-300x300.png 300w, https:\/\/descomplicandosite.com\/petshop\/wp-content\/uploads\/2025\/04\/LovePet-6-150x150.png 150w\" sizes=\"(max-width: 500px) 100vw, 500px\" \/><\/a><\/figure><div class=\"elementor-image-box-content\"><h3 class=\"elementor-image-box-title\"><a href=\"https:\/\/descomplicandosite.com\/petshop\/veterinario\/\">Veterin\u00e1rio<\/a><\/h3><p class=\"elementor-image-box-description\">Temos duas excelentes veterin\u00e1rias que trabalham de segunda a sexta em nosso espa\u00e7o, al\u00e9m disso, temos diversas especialidades para atender a cada necessidade do seu filho pet.\n<br><br>\n<span style=\"color: #4DA971\"><b>Saiba mais &gt;<\/b><\/p><\/div><\/div>\t\t\t\t<\/div>\n\t\t\t\t<div class=\"elementor-element elementor-element-c8b85ea elementor-position-left elementor-vertical-align-middle animated-slow elementor-invisible elementor-widget elementor-widget-image-box\" data-id=\"c8b85ea\" data-element_type=\"widget\" data-e-type=\"widget\" data-settings=\"{&quot;_animation&quot;:&quot;fadeInLeft&quot;}\" data-widget_type=\"image-box.default\">\n\t\t\t\t\t<div class=\"elementor-image-box-wrapper\"><figure class=\"elementor-image-box-img\"><a href=\"https:\/\/descomplicandosite.com\/petshop\/banho-tosa\/\" tabindex=\"-1\"><img decoding=\"async\" width=\"500\" height=\"500\" src=\"https:\/\/descomplicandosite.com\/petshop\/wp-content\/uploads\/2025\/04\/LovePet-7.png\" class=\"attachment-full size-full wp-image-855\" alt=\"\" srcset=\"https:\/\/descomplicandosite.com\/petshop\/wp-content\/uploads\/2025\/04\/LovePet-7.png 500w, https:\/\/descomplicandosite.com\/petshop\/wp-content\/uploads\/2025\/04\/LovePet-7-300x300.png 300w, https:\/\/descomplicandosite.com\/petshop\/wp-content\/uploads\/2025\/04\/LovePet-7-150x150.png 150w\" sizes=\"(max-width: 500px) 100vw, 500px\" \/><\/a><\/figure><div class=\"elementor-image-box-content\"><h3 class=\"elementor-image-box-title\"><a href=\"https:\/\/descomplicandosite.com\/petshop\/banho-tosa\/\">Creche<\/a><\/h3><p class=\"elementor-image-box-description\">Ambiente seguro, com recrea\u00e7\u00e3o supervisionada, atividades para estimular o corpo e a mente, al\u00e9m de muito carinho o dia todo para o seu pet gastar energia com alegria.\n<br><br>\n<span style=\"color: #4F2D96\"><b>Ver servi\u00e7o &gt;<\/b><\/p><\/div><\/div>\t\t\t\t<\/div>\n\t\t\t\t<div class=\"elementor-element elementor-element-96330f9 elementor-position-left elementor-vertical-align-middle animated-slow elementor-invisible elementor-widget elementor-widget-image-box\" data-id=\"96330f9\" data-element_type=\"widget\" data-e-type=\"widget\" data-settings=\"{&quot;_animation&quot;:&quot;fadeInRight&quot;}\" data-widget_type=\"image-box.default\">\n\t\t\t\t\t<div class=\"elementor-image-box-wrapper\"><figure class=\"elementor-image-box-img\"><a href=\"https:\/\/descomplicandosite.com\/petshop\/banho-tosa\/\" tabindex=\"-1\"><img loading=\"lazy\" decoding=\"async\" width=\"500\" height=\"500\" src=\"https:\/\/descomplicandosite.com\/petshop\/wp-content\/uploads\/2025\/04\/LovePet-8.png\" class=\"attachment-full size-full wp-image-859\" alt=\"\" srcset=\"https:\/\/descomplicandosite.com\/petshop\/wp-content\/uploads\/2025\/04\/LovePet-8.png 500w, https:\/\/descomplicandosite.com\/petshop\/wp-content\/uploads\/2025\/04\/LovePet-8-300x300.png 300w, https:\/\/descomplicandosite.com\/petshop\/wp-content\/uploads\/2025\/04\/LovePet-8-150x150.png 150w\" sizes=\"(max-width: 500px) 100vw, 500px\" \/><\/a><\/figure><div class=\"elementor-image-box-content\"><h3 class=\"elementor-image-box-title\"><a href=\"https:\/\/descomplicandosite.com\/petshop\/banho-tosa\/\">Hotel<\/a><\/h3><p class=\"elementor-image-box-description\">Hospedagem confort\u00e1vel, com supervis\u00e3o, alimenta\u00e7\u00e3o nos hor\u00e1rios certos e espa\u00e7os pensados para o bem-estar do seu pet enquanto voc\u00ea viaja tranquilo.\n<br><br>\n<span style=\"color: #4F2D96\"><b>Ver servi\u00e7o &gt;<\/b><\/p><\/div><\/div>\t\t\t\t<\/div>\n\t\t\t\t<\/div>\n\t\t\t\t\t<\/div>\n\t\t\t\t<\/div>\n\t\t\t\t<\/div>\n\t\t","protected":false},"excerpt":{"rendered":"<p>Nossos Servi\u00e7os Tudo o que seu pet precisa em um s\u00f3 lugar com qualidade, carinho e profissionais que amam o que fazem. Fornecendo o melhor servi\u00e7o para o seu Pet. Somos pais de duas meninas pets (Mel e Panqueca) e sabemos como \u00e9 fundamental ter um local que proporciona cuidado, seguran\u00e7a e confian\u00e7a para seu filho pet. Banho &#038; Tosa Espa\u00e7o climatizado, com \u00e1gua na temperatura adequada, os melhores equipamentos e acess\u00f3rios para seu filho pet sair lindo e cheiroso em cada banho. Ver servi\u00e7o > Veterin\u00e1rio Temos duas excelentes veterin\u00e1rias que trabalham de segunda a sexta em nosso espa\u00e7o, al\u00e9m disso, temos diversas especialidades para atender a cada necessidade do seu filho pet. Saiba mais > Creche Ambiente seguro, com recrea\u00e7\u00e3o supervisionada, atividades para estimular o corpo e a mente, al\u00e9m de muito carinho o dia todo para o seu pet gastar energia com alegria. Ver servi\u00e7o > Hotel Hospedagem confort\u00e1vel, com supervis\u00e3o, alimenta\u00e7\u00e3o nos hor\u00e1rios certos e espa\u00e7os pensados para o bem-estar do seu pet enquanto voc\u00ea viaja tranquilo. Ver servi\u00e7o ><\/p>\n","protected":false},"author":1,"featured_media":0,"parent":0,"menu_order":0,"comment_status":"closed","ping_status":"closed","template":"","meta":{"footnotes":""},"class_list":["post-767","page","type-page","status-publish","hentry"],"_links":{"self":[{"href":"https:\/\/descomplicandosite.com\/petshop\/wp-json\/wp\/v2\/pages\/767","targetHints":{"allow":["GET"]}}],"collection":[{"href":"https:\/\/descomplicandosite.com\/petshop\/wp-json\/wp\/v2\/pages"}],"about":[{"href":"https:\/\/descomplicandosite.com\/petshop\/wp-json\/wp\/v2\/types\/page"}],"author":[{"embeddable":true,"href":"https:\/\/descomplicandosite.com\/petshop\/wp-json\/wp\/v2\/users\/1"}],"replies":[{"embeddable":true,"href":"https:\/\/descomplicandosite.com\/petshop\/wp-json\/wp\/v2\/comments?post=767"}],"version-history":[{"count":0,"href":"https:\/\/descomplicandosite.com\/petshop\/wp-json\/wp\/v2\/pages\/767\/revisions"}],"wp:attachment":[{"href":"https:\/\/descomplicandosite.com\/petshop\/wp-json\/wp\/v2\/media?parent=767"}],"curies":[{"name":"wp","href":"https:\/\/api.w.org\/{rel}","templated":true}]}}