{"id":956,"date":"2024-05-31T16:02:09","date_gmt":"2024-05-31T19:02:09","guid":{"rendered":"https:\/\/pluginsds.com\/sites\/?page_id=956"},"modified":"2024-06-05T19:36:51","modified_gmt":"2024-06-05T22:36:51","slug":"financiamento","status":"publish","type":"page","link":"https:\/\/descomplicandosite.com\/mmautos\/financiamento\/","title":{"rendered":"Financiamento"},"content":{"rendered":"\t\t<div data-elementor-type=\"wp-page\" data-elementor-id=\"956\" class=\"elementor elementor-956\" data-elementor-post-type=\"page\">\n\t\t\t\t<div class=\"elementor-element elementor-element-fa8935d e-con-full e-flex e-con e-parent\" data-id=\"fa8935d\" data-element_type=\"container\" data-settings=\"{&quot;background_background&quot;:&quot;classic&quot;}\">\n\t\t\t\t<div class=\"elementor-element elementor-element-60cab91 elementor-widget elementor-widget-heading\" data-id=\"60cab91\" data-element_type=\"widget\" data-widget_type=\"heading.default\">\n\t\t\t\t<div class=\"elementor-widget-container\">\n\t\t\t\t\t<h2 class=\"elementor-heading-title elementor-size-default\">FINANCIAMENTO<\/h2>\t\t\t\t<\/div>\n\t\t\t\t<\/div>\n\t\t\t\t<\/div>\n\t\t<div class=\"elementor-element elementor-element-ac3bb68 e-flex e-con-boxed e-con e-parent\" data-id=\"ac3bb68\" data-element_type=\"container\">\n\t\t\t\t\t<div class=\"e-con-inner\">\n\t\t\t\t<div class=\"elementor-element elementor-element-ca813b3 elementor-widget elementor-widget-heading\" data-id=\"ca813b3\" data-element_type=\"widget\" data-widget_type=\"heading.default\">\n\t\t\t\t<div class=\"elementor-widget-container\">\n\t\t\t\t\t<h2 class=\"elementor-heading-title elementor-size-default\">O financiamento perfeito para voc\u00ea<\/h2>\t\t\t\t<\/div>\n\t\t\t\t<\/div>\n\t\t\t\t<div class=\"elementor-element elementor-element-3421f6f elementor-widget elementor-widget-text-editor\" data-id=\"3421f6f\" data-element_type=\"widget\" data-widget_type=\"text-editor.default\">\n\t\t\t\t<div class=\"elementor-widget-container\">\n\t\t\t\t\t\t\t\t\t<p>Na MM Autos voc\u00ea financia seu ve\u00edculo 0km ou seminovo com as menores taxas do mercado e a certeza de contar com a seguran\u00e7a e a transpar\u00eancia.<\/p><p>Temos planos com diferentes prazos, e parcelas que cabem no seu bolso. Tudo para facilitar a compra ou a troca do seu ve\u00edculo. Parcelamos sua entrada em at\u00e9 10x sem juros no cart\u00e3o de cr\u00e9dito.<\/p><p>Preencha o formul\u00e1rio abaixo que entraremos em contato para simular seu financiamento.<\/p>\t\t\t\t\t\t\t\t<\/div>\n\t\t\t\t<\/div>\n\t\t\t\t\t<\/div>\n\t\t\t\t<\/div>\n\t\t<div class=\"elementor-element elementor-element-a59dabd e-flex e-con-boxed e-con e-parent\" data-id=\"a59dabd\" data-element_type=\"container\" data-settings=\"{&quot;background_background&quot;:&quot;classic&quot;}\">\n\t\t\t\t\t<div class=\"e-con-inner\">\n\t\t\t\t<div class=\"elementor-element elementor-element-d5b1706 elementor-widget elementor-widget-heading\" data-id=\"d5b1706\" data-element_type=\"widget\" data-widget_type=\"heading.default\">\n\t\t\t\t<div class=\"elementor-widget-container\">\n\t\t\t\t\t<h2 class=\"elementor-heading-title elementor-size-default\">Fale Conosco<\/h2>\t\t\t\t<\/div>\n\t\t\t\t<\/div>\n\t\t\t\t<div class=\"elementor-element elementor-element-111766a elementor-widget elementor-widget-heading\" data-id=\"111766a\" data-element_type=\"widget\" data-widget_type=\"heading.default\">\n\t\t\t\t<div class=\"elementor-widget-container\">\n\t\t\t\t\t<h2 class=\"elementor-heading-title elementor-size-default\">Para solicitar mais informa\u00e7\u00f5es, por favor, preencha o formul\u00e1rio abaixo que entraremos em contato rapidamente.<\/h2>\t\t\t\t<\/div>\n\t\t\t\t<\/div>\n\t\t\t\t<div class=\"elementor-element elementor-element-bb01a9f elementor-button-align-start elementor-widget elementor-widget-form\" data-id=\"bb01a9f\" data-element_type=\"widget\" data-settings=\"{&quot;step_next_label&quot;:&quot;Pr\\u00f3ximo&quot;,&quot;step_previous_label&quot;:&quot;Anterior&quot;,&quot;button_width&quot;:&quot;100&quot;,&quot;step_type&quot;:&quot;number_text&quot;,&quot;step_icon_shape&quot;:&quot;circle&quot;}\" data-widget_type=\"form.default\">\n\t\t\t\t<div class=\"elementor-widget-container\">\n\t\t\t\t\t\t\t<form class=\"elementor-form\" method=\"post\" name=\"Novo formul\u00e1rio\" aria-label=\"Novo formul\u00e1rio\">\n\t\t\t<input type=\"hidden\" name=\"post_id\" value=\"956\"\/>\n\t\t\t<input type=\"hidden\" name=\"form_id\" value=\"bb01a9f\"\/>\n\t\t\t<input type=\"hidden\" name=\"referer_title\" value=\"\" \/>\n\n\t\t\t\n\t\t\t<div class=\"elementor-form-fields-wrapper elementor-labels-above\">\n\t\t\t\t\t\t\t\t<div class=\"elementor-field-type-text elementor-field-group elementor-column elementor-field-group-name elementor-col-50 elementor-field-required elementor-mark-required\">\n\t\t\t\t\t\t\t\t\t\t\t\t<label for=\"form-field-name\" class=\"elementor-field-label\">\n\t\t\t\t\t\t\t\tNome Completo\t\t\t\t\t\t\t<\/label>\n\t\t\t\t\t\t\t\t\t\t\t\t\t\t<input size=\"1\" type=\"text\" name=\"form_fields[name]\" id=\"form-field-name\" class=\"elementor-field elementor-size-md  elementor-field-textual\" placeholder=\"Digite seu Nome completo\" required=\"required\">\n\t\t\t\t\t\t\t\t\t\t\t<\/div>\n\t\t\t\t\t\t\t\t<div class=\"elementor-field-type-email elementor-field-group elementor-column elementor-field-group-email elementor-col-50 elementor-field-required elementor-mark-required\">\n\t\t\t\t\t\t\t\t\t\t\t\t<label for=\"form-field-email\" class=\"elementor-field-label\">\n\t\t\t\t\t\t\t\tE-mail\t\t\t\t\t\t\t<\/label>\n\t\t\t\t\t\t\t\t\t\t\t\t\t\t<input size=\"1\" type=\"email\" name=\"form_fields[email]\" id=\"form-field-email\" class=\"elementor-field elementor-size-md  elementor-field-textual\" placeholder=\"Digite seu melhor E-mail\" required=\"required\">\n\t\t\t\t\t\t\t\t\t\t\t<\/div>\n\t\t\t\t\t\t\t\t<div class=\"elementor-field-type-tel elementor-field-group elementor-column elementor-field-group-email elementor-col-50 elementor-field-required elementor-mark-required\">\n\t\t\t\t\t\t\t\t\t\t\t\t<label for=\"form-field-email\" class=\"elementor-field-label\">\n\t\t\t\t\t\t\t\tWhatsApp\t\t\t\t\t\t\t<\/label>\n\t\t\t\t\t\t\t\t<input size=\"1\" type=\"tel\" name=\"form_fields[email]\" id=\"form-field-email\" class=\"elementor-field elementor-size-md  elementor-field-textual\" placeholder=\"Digite seu WhatsApp (34) 99999-9999\" required=\"required\" pattern=\"[0-9()#&amp;+*-=.]+\" title=\"Apenas n\u00fameros e caracteres de telefone (#, -, *, etc.) s\u00e3o aceitos.\">\n\n\t\t\t\t\t\t<\/div>\n\t\t\t\t\t\t\t\t<div class=\"elementor-field-type-text elementor-field-group elementor-column elementor-field-group-field_e7101cb elementor-col-50 elementor-field-required elementor-mark-required\">\n\t\t\t\t\t\t\t\t\t\t\t\t<label for=\"form-field-field_e7101cb\" class=\"elementor-field-label\">\n\t\t\t\t\t\t\t\tMarca, modelo e vers\u00e3o do ve\u00edculo\t\t\t\t\t\t\t<\/label>\n\t\t\t\t\t\t\t\t\t\t\t\t\t\t<input size=\"1\" type=\"text\" name=\"form_fields[field_e7101cb]\" id=\"form-field-field_e7101cb\" class=\"elementor-field elementor-size-md  elementor-field-textual\" placeholder=\"Marca, modelo e vers\u00e3o do ve\u00edculo\" required=\"required\">\n\t\t\t\t\t\t\t\t\t\t\t<\/div>\n\t\t\t\t\t\t\t\t<div class=\"elementor-field-type-number elementor-field-group elementor-column elementor-field-group-field_b63d43e elementor-col-50 elementor-field-required elementor-mark-required\">\n\t\t\t\t\t\t\t\t\t\t\t\t<label for=\"form-field-field_b63d43e\" class=\"elementor-field-label\">\n\t\t\t\t\t\t\t\tAno do ve\u00edculo\t\t\t\t\t\t\t<\/label>\n\t\t\t\t\t\t\t\t\t<input type=\"number\" name=\"form_fields[field_b63d43e]\" id=\"form-field-field_b63d43e\" class=\"elementor-field elementor-size-md  elementor-field-textual\" placeholder=\"Ano do ve\u00edculo\" required=\"required\" min=\"\" max=\"\" >\n\t\t\t\t\t\t<\/div>\n\t\t\t\t\t\t\t\t<div class=\"elementor-field-type-text elementor-field-group elementor-column elementor-field-group-field_0e8cc0b elementor-col-50 elementor-field-required elementor-mark-required\">\n\t\t\t\t\t\t\t\t\t\t\t\t<label for=\"form-field-field_0e8cc0b\" class=\"elementor-field-label\">\n\t\t\t\t\t\t\t\tCor do ve\u00edculo\t\t\t\t\t\t\t<\/label>\n\t\t\t\t\t\t\t\t\t\t\t\t\t\t<input size=\"1\" type=\"text\" name=\"form_fields[field_0e8cc0b]\" id=\"form-field-field_0e8cc0b\" class=\"elementor-field elementor-size-md  elementor-field-textual\" placeholder=\"Cor do ve\u00edculo\" required=\"required\">\n\t\t\t\t\t\t\t\t\t\t\t<\/div>\n\t\t\t\t\t\t\t\t<div class=\"elementor-field-type-number elementor-field-group elementor-column elementor-field-group-field_1d4b4d4 elementor-col-50 elementor-field-required elementor-mark-required\">\n\t\t\t\t\t\t\t\t\t\t\t\t<label for=\"form-field-field_1d4b4d4\" class=\"elementor-field-label\">\n\t\t\t\t\t\t\t\tValor de entrada (R$)\t\t\t\t\t\t\t<\/label>\n\t\t\t\t\t\t\t\t\t<input type=\"number\" name=\"form_fields[field_1d4b4d4]\" id=\"form-field-field_1d4b4d4\" class=\"elementor-field elementor-size-md  elementor-field-textual\" placeholder=\"Valor de entrada (R$)\" required=\"required\" min=\"\" max=\"\" >\n\t\t\t\t\t\t<\/div>\n\t\t\t\t\t\t\t\t<div class=\"elementor-field-type-url elementor-field-group elementor-column elementor-field-group-field_41880ca elementor-col-50\">\n\t\t\t\t\t\t\t\t\t\t\t\t<label for=\"form-field-field_41880ca\" class=\"elementor-field-label\">\n\t\t\t\t\t\t\t\tCole aqui o link do an\u00fancio, caso tenha.\t\t\t\t\t\t\t<\/label>\n\t\t\t\t\t\t\t\t\t\t\t\t\t\t<input size=\"1\" type=\"url\" name=\"form_fields[field_41880ca]\" id=\"form-field-field_41880ca\" class=\"elementor-field elementor-size-md  elementor-field-textual\" placeholder=\"Link\/URL\">\n\t\t\t\t\t\t\t\t\t\t\t<\/div>\n\t\t\t\t\t\t\t\t<div class=\"elementor-field-type-textarea elementor-field-group elementor-column elementor-field-group-message elementor-col-100\">\n\t\t\t\t\t\t\t\t\t\t\t\t<label for=\"form-field-message\" class=\"elementor-field-label\">\n\t\t\t\t\t\t\t\tTem alguma d\u00favida ou observa\u00e7\u00e3o? Escreva aqui.\t\t\t\t\t\t\t<\/label>\n\t\t\t\t\t\t<textarea class=\"elementor-field-textual elementor-field  elementor-size-md\" name=\"form_fields[message]\" id=\"form-field-message\" rows=\"4\" placeholder=\"Mensagem\"><\/textarea>\t\t\t\t<\/div>\n\t\t\t\t\t\t\t\t<div class=\"elementor-field-type-checkbox elementor-field-group elementor-column elementor-field-group-field_fa6910b elementor-col-100\">\n\t\t\t\t\t<div class=\"elementor-field-subgroup  \"><span class=\"elementor-field-option\"><input type=\"checkbox\" value=\"Aceito receber comunica\u00e7\u00e3o via e-mail\" id=\"form-field-field_fa6910b-0\" name=\"form_fields[field_fa6910b][]\"> <label for=\"form-field-field_fa6910b-0\">Aceito receber comunica\u00e7\u00e3o via e-mail<\/label><\/span><span class=\"elementor-field-option\"><input type=\"checkbox\" value=\"Aceito receber comunica\u00e7\u00e3o via celular\" id=\"form-field-field_fa6910b-1\" name=\"form_fields[field_fa6910b][]\"> <label for=\"form-field-field_fa6910b-1\">Aceito receber comunica\u00e7\u00e3o via celular<\/label><\/span><span class=\"elementor-field-option\"><input type=\"checkbox\" value=\"Quero receber aviso e promo\u00e7\u00f5es\" id=\"form-field-field_fa6910b-2\" name=\"form_fields[field_fa6910b][]\"> <label for=\"form-field-field_fa6910b-2\">Quero receber aviso e promo\u00e7\u00f5es<\/label><\/span><\/div>\t\t\t\t<\/div>\n\t\t\t\t\t\t\t\t<div class=\"elementor-field-group elementor-column elementor-field-type-submit elementor-col-100 e-form__buttons\">\n\t\t\t\t\t<button class=\"elementor-button elementor-size-md\" type=\"submit\">\n\t\t\t\t\t\t<span class=\"elementor-button-content-wrapper\">\n\t\t\t\t\t\t\t\t\t\t\t\t\t\t\t\t\t\t\t\t\t\t<span class=\"elementor-button-text\">Entrar em Contato<\/span>\n\t\t\t\t\t\t\t\t\t\t\t\t\t<\/span>\n\t\t\t\t\t<\/button>\n\t\t\t\t<\/div>\n\t\t\t<\/div>\n\t\t<\/form>\n\t\t\t\t\t\t<\/div>\n\t\t\t\t<\/div>\n\t\t\t\t\t<\/div>\n\t\t\t\t<\/div>\n\t\t\t\t<\/div>\n\t\t","protected":false},"excerpt":{"rendered":"<p>FINANCIAMENTO O financiamento perfeito para voc\u00ea Na MM Autos voc\u00ea financia seu ve\u00edculo 0km ou seminovo com as menores taxas do mercado e a certeza de contar com a seguran\u00e7a e a transpar\u00eancia. Temos planos com diferentes prazos, e parcelas que cabem no seu bolso. Tudo para facilitar a compra ou a troca do seu [&hellip;]<\/p>\n","protected":false},"author":1,"featured_media":0,"parent":0,"menu_order":0,"comment_status":"closed","ping_status":"closed","template":"elementor_header_footer","meta":{"footnotes":""},"class_list":["post-956","page","type-page","status-publish","hentry"],"_links":{"self":[{"href":"https:\/\/descomplicandosite.com\/mmautos\/wp-json\/wp\/v2\/pages\/956","targetHints":{"allow":["GET"]}}],"collection":[{"href":"https:\/\/descomplicandosite.com\/mmautos\/wp-json\/wp\/v2\/pages"}],"about":[{"href":"https:\/\/descomplicandosite.com\/mmautos\/wp-json\/wp\/v2\/types\/page"}],"author":[{"embeddable":true,"href":"https:\/\/descomplicandosite.com\/mmautos\/wp-json\/wp\/v2\/users\/1"}],"replies":[{"embeddable":true,"href":"https:\/\/descomplicandosite.com\/mmautos\/wp-json\/wp\/v2\/comments?post=956"}],"version-history":[{"count":0,"href":"https:\/\/descomplicandosite.com\/mmautos\/wp-json\/wp\/v2\/pages\/956\/revisions"}],"wp:attachment":[{"href":"https:\/\/descomplicandosite.com\/mmautos\/wp-json\/wp\/v2\/media?parent=956"}],"curies":[{"name":"wp","href":"https:\/\/api.w.org\/{rel}","templated":true}]}}