{"id":8,"date":"2023-02-15T17:49:52","date_gmt":"2023-02-15T20:49:52","guid":{"rendered":"https:\/\/pluginsds.com\/sites\/?page_id=8"},"modified":"2024-06-05T19:38:32","modified_gmt":"2024-06-05T22:38:32","slug":"sobre-nos","status":"publish","type":"page","link":"https:\/\/descomplicandosite.com\/mmautos\/sobre-nos\/","title":{"rendered":"Sobre N\u00f3s"},"content":{"rendered":"\t\t<div data-elementor-type=\"wp-page\" data-elementor-id=\"8\" class=\"elementor elementor-8\" data-elementor-post-type=\"page\">\n\t\t\t\t<div class=\"elementor-element elementor-element-a204269 e-flex e-con-boxed e-con e-parent\" data-id=\"a204269\" data-element_type=\"container\" data-settings=\"{&quot;background_background&quot;:&quot;classic&quot;}\">\n\t\t\t\t\t<div class=\"e-con-inner\">\n\t\t\t\t<div class=\"elementor-element elementor-element-a571e3a elementor-widget elementor-widget-heading\" data-id=\"a571e3a\" data-element_type=\"widget\" data-widget_type=\"heading.default\">\n\t\t\t\t<div class=\"elementor-widget-container\">\n\t\t\t\t\t<h2 class=\"elementor-heading-title elementor-size-default\">Sobre N\u00f3s<\/h2>\t\t\t\t<\/div>\n\t\t\t\t<\/div>\n\t\t\t\t\t<\/div>\n\t\t\t\t<\/div>\n\t\t<div class=\"elementor-element elementor-element-3882766 e-flex e-con-boxed e-con e-parent\" data-id=\"3882766\" data-element_type=\"container\" data-settings=\"{&quot;background_background&quot;:&quot;classic&quot;}\">\n\t\t\t\t\t<div class=\"e-con-inner\">\n\t\t<div class=\"elementor-element elementor-element-c7fa65b animated-slow e-flex e-con-boxed elementor-invisible e-con e-child\" data-id=\"c7fa65b\" data-element_type=\"container\" data-settings=\"{&quot;animation&quot;:&quot;fadeIn&quot;,&quot;background_background&quot;:&quot;classic&quot;}\">\n\t\t\t\t\t<div class=\"e-con-inner\">\n\t\t\t\t<div class=\"elementor-element elementor-element-f74b1c1 elementor-mobile-align-center elementor-align-left elementor-widget elementor-widget-button\" data-id=\"f74b1c1\" data-element_type=\"widget\" data-widget_type=\"button.default\">\n\t\t\t\t<div class=\"elementor-widget-container\">\n\t\t\t\t\t\t\t\t\t<div class=\"elementor-button-wrapper\">\n\t\t\t\t\t<a class=\"elementor-button elementor-button-link elementor-size-sm\" href=\"#\">\n\t\t\t\t\t\t<span class=\"elementor-button-content-wrapper\">\n\t\t\t\t\t\t<span class=\"elementor-button-icon\">\n\t\t\t\t<svg xmlns=\"http:\/\/www.w3.org\/2000\/svg\" xmlns:xlink=\"http:\/\/www.w3.org\/1999\/xlink\" id=\"Capa_1\" x=\"0px\" y=\"0px\" width=\"443.771px\" height=\"443.772px\" viewBox=\"0 0 443.771 443.772\" style=\"enable-background:new 0 0 443.771 443.772;\" xml:space=\"preserve\"><g>\t<g id=\"Layer_3\">\t\t<g>\t\t\t<path d=\"M163.073,3.459C140.557,125.764,122.304,144.016,0,166.532c122.305,22.516,140.557,40.768,163.073,163.073    c22.516-122.305,40.768-140.557,163.073-163.073C203.841,144.016,185.588,125.764,163.073,3.459z\"><\/path>\t\t\t<path d=\"M340.064,232.896c-14.318,77.781-25.928,89.39-103.708,103.708c77.78,14.319,89.39,25.928,103.708,103.708    c14.318-77.78,25.928-89.39,103.707-103.708C365.99,322.286,354.383,310.677,340.064,232.896z\"><\/path>\t\t<\/g>\t<\/g><\/g><g><\/g><g><\/g><g><\/g><g><\/g><g><\/g><g><\/g><g><\/g><g><\/g><g><\/g><g><\/g><g><\/g><g><\/g><g><\/g><g><\/g><g><\/g><\/svg>\t\t\t<\/span>\n\t\t\t\t\t\t\t\t\t<span class=\"elementor-button-text\">QUEM SOMOS<\/span>\n\t\t\t\t\t<\/span>\n\t\t\t\t\t<\/a>\n\t\t\t\t<\/div>\n\t\t\t\t\t\t\t\t<\/div>\n\t\t\t\t<\/div>\n\t\t\t\t<div class=\"elementor-element elementor-element-d50617c elementor-widget elementor-widget-heading\" data-id=\"d50617c\" data-element_type=\"widget\" data-widget_type=\"heading.default\">\n\t\t\t\t<div class=\"elementor-widget-container\">\n\t\t\t\t\t<h2 class=\"elementor-heading-title elementor-size-default\">MM AUTOS<\/h2>\t\t\t\t<\/div>\n\t\t\t\t<\/div>\n\t\t\t\t<div class=\"elementor-element elementor-element-033dac4 elementor-widget elementor-widget-text-editor\" data-id=\"033dac4\" data-element_type=\"widget\" data-widget_type=\"text-editor.default\">\n\t\t\t\t<div class=\"elementor-widget-container\">\n\t\t\t\t\t\t\t\t\t<p data-sourcepos=\"3:1-3:109\">Na MM Autos, somos apaixonados por carros e por proporcionar a nossos clientes a melhor experi\u00eancia de compra poss\u00edvel. H\u00e1 10 anos, nos dedicamos a oferecer uma ampla sele\u00e7\u00e3o de ve\u00edculos novos e seminovos, com qualidade impec\u00e1vel e pre\u00e7os competitivos.<\/p>\t\t\t\t\t\t\t\t<\/div>\n\t\t\t\t<\/div>\n\t\t\t\t<div class=\"elementor-element elementor-element-8d20c0b elementor-widget elementor-widget-heading\" data-id=\"8d20c0b\" data-element_type=\"widget\" data-widget_type=\"heading.default\">\n\t\t\t\t<div class=\"elementor-widget-container\">\n\t\t\t\t\t<h2 class=\"elementor-heading-title elementor-size-default\">Nosso compromisso:<\/h2>\t\t\t\t<\/div>\n\t\t\t\t<\/div>\n\t\t\t\t<div class=\"elementor-element elementor-element-1cf4a32 elementor-icon-list--layout-traditional elementor-list-item-link-full_width elementor-widget elementor-widget-icon-list\" data-id=\"1cf4a32\" data-element_type=\"widget\" data-widget_type=\"icon-list.default\">\n\t\t\t\t<div class=\"elementor-widget-container\">\n\t\t\t\t\t\t\t<ul class=\"elementor-icon-list-items\">\n\t\t\t\t\t\t\t<li class=\"elementor-icon-list-item\">\n\t\t\t\t\t\t\t\t\t\t\t<span class=\"elementor-icon-list-icon\">\n\t\t\t\t\t\t\t<i aria-hidden=\"true\" class=\"far fa-check-circle\"><\/i>\t\t\t\t\t\t<\/span>\n\t\t\t\t\t\t\t\t\t\t<span class=\"elementor-icon-list-text\"><b>Variedade incompar\u00e1vel:<\/b> Encontre o carro ideal para suas necessidades e estilo de vida, desde modelos compactos e econ\u00f4micos at\u00e9 SUVs robustos e luxuosos.<\/span>\n\t\t\t\t\t\t\t\t\t<\/li>\n\t\t\t\t\t\t\t\t<li class=\"elementor-icon-list-item\">\n\t\t\t\t\t\t\t\t\t\t\t<span class=\"elementor-icon-list-icon\">\n\t\t\t\t\t\t\t<i aria-hidden=\"true\" class=\"far fa-check-circle\"><\/i>\t\t\t\t\t\t<\/span>\n\t\t\t\t\t\t\t\t\t\t<span class=\"elementor-icon-list-text\"><b>Seminovos com garantia:<\/b> Adquira um seminovo com a tranquilidade de ter a garantia da MM Autos, assegurando a proced\u00eancia e o bom estado do ve\u00edculo.<\/span>\n\t\t\t\t\t\t\t\t\t<\/li>\n\t\t\t\t\t\t\t\t<li class=\"elementor-icon-list-item\">\n\t\t\t\t\t\t\t\t\t\t\t<span class=\"elementor-icon-list-icon\">\n\t\t\t\t\t\t\t<i aria-hidden=\"true\" class=\"far fa-check-circle\"><\/i>\t\t\t\t\t\t<\/span>\n\t\t\t\t\t\t\t\t\t\t<span class=\"elementor-icon-list-text\"><b>Atendimento personalizado: <\/b>Nossa equipe de especialistas est\u00e1 \u00e0 disposi\u00e7\u00e3o para te guiar em cada etapa da compra, desde a escolha do carro at\u00e9 a finaliza\u00e7\u00e3o do financiamento.<\/span>\n\t\t\t\t\t\t\t\t\t<\/li>\n\t\t\t\t\t\t<\/ul>\n\t\t\t\t\t\t<\/div>\n\t\t\t\t<\/div>\n\t\t\t\t<div class=\"elementor-element elementor-element-aa78b87 elementor-widget elementor-widget-heading\" data-id=\"aa78b87\" data-element_type=\"widget\" data-widget_type=\"heading.default\">\n\t\t\t\t<div class=\"elementor-widget-container\">\n\t\t\t\t\t<h2 class=\"elementor-heading-title elementor-size-default\">Venha nos conhecer e viva a experi\u00eancia MM Autos!<\/h2>\t\t\t\t<\/div>\n\t\t\t\t<\/div>\n\t\t\t\t\t<\/div>\n\t\t\t\t<\/div>\n\t\t<div class=\"elementor-element elementor-element-12c5834 e-flex e-con-boxed e-con e-child\" data-id=\"12c5834\" data-element_type=\"container\" data-settings=\"{&quot;background_background&quot;:&quot;classic&quot;}\">\n\t\t\t\t\t<div class=\"e-con-inner\">\n\t\t\t\t\t<\/div>\n\t\t\t\t<\/div>\n\t\t\t\t\t<\/div>\n\t\t\t\t<\/div>\n\t\t<div class=\"elementor-element elementor-element-e860f5e e-flex e-con-boxed e-con e-parent\" data-id=\"e860f5e\" data-element_type=\"container\">\n\t\t\t\t\t<div class=\"e-con-inner\">\n\t\t\t\t<div class=\"elementor-element elementor-element-f170e55 elementor-widget elementor-widget-heading\" data-id=\"f170e55\" data-element_type=\"widget\" data-widget_type=\"heading.default\">\n\t\t\t\t<div class=\"elementor-widget-container\">\n\t\t\t\t\t<h2 class=\"elementor-heading-title elementor-size-default\">Nossos Diferenciais\n<\/h2>\t\t\t\t<\/div>\n\t\t\t\t<\/div>\n\t\t<div class=\"elementor-element elementor-element-e3b6d6a e-flex e-con-boxed e-con e-child\" data-id=\"e3b6d6a\" data-element_type=\"container\">\n\t\t\t\t\t<div class=\"e-con-inner\">\n\t\t\t\t<div class=\"elementor-element elementor-element-af534b6 elementor-widget__width-initial elementor-widget-mobile__width-inherit elementor-position-top elementor-widget elementor-widget-image-box\" data-id=\"af534b6\" data-element_type=\"widget\" data-widget_type=\"image-box.default\">\n\t\t\t\t<div class=\"elementor-widget-container\">\n\t\t\t\t\t<div class=\"elementor-image-box-wrapper\"><figure class=\"elementor-image-box-img\"><img fetchpriority=\"high\" decoding=\"async\" width=\"545\" height=\"524\" src=\"https:\/\/descomplicandosite.com\/mmautos\/wp-content\/uploads\/2023\/02\/icon-c-home-branco-1.svg\" class=\"attachment-full size-full wp-image-625\" alt=\"\" \/><\/figure><div class=\"elementor-image-box-content\"><h3 class=\"elementor-image-box-title\">Maior Carteira<\/h3><p class=\"elementor-image-box-description\">A maior vitrine de ve\u00edculos de Uberl\u00e2ndia com mais de 800 carros ativos para venda\n\n<\/p><\/div><\/div>\t\t\t\t<\/div>\n\t\t\t\t<\/div>\n\t\t\t\t<div class=\"elementor-element elementor-element-bbdb266 elementor-widget__width-initial elementor-widget-mobile__width-inherit elementor-position-top elementor-widget elementor-widget-image-box\" data-id=\"bbdb266\" data-element_type=\"widget\" data-widget_type=\"image-box.default\">\n\t\t\t\t<div class=\"elementor-widget-container\">\n\t\t\t\t\t<div class=\"elementor-image-box-wrapper\"><figure class=\"elementor-image-box-img\"><img decoding=\"async\" width=\"512\" height=\"512\" src=\"https:\/\/descomplicandosite.com\/mmautos\/wp-content\/uploads\/2023\/02\/premio.svg\" class=\"attachment-full size-full wp-image-626\" alt=\"\" \/><\/figure><div class=\"elementor-image-box-content\"><h3 class=\"elementor-image-box-title\">Tradi\u00e7\u00e3o<\/h3><p class=\"elementor-image-box-description\">10 anos de mercado, mais de 20 mil transa\u00e7\u00f5es de vendas de ve\u00edculos e mais de 10 mil ve\u00edculos seminovos comprados pela MM Autos.<\/p><\/div><\/div>\t\t\t\t<\/div>\n\t\t\t\t<\/div>\n\t\t\t\t<div class=\"elementor-element elementor-element-a344e76 elementor-widget__width-initial elementor-widget-mobile__width-inherit elementor-position-top elementor-widget elementor-widget-image-box\" data-id=\"a344e76\" data-element_type=\"widget\" data-widget_type=\"image-box.default\">\n\t\t\t\t<div class=\"elementor-widget-container\">\n\t\t\t\t\t<div class=\"elementor-image-box-wrapper\"><figure class=\"elementor-image-box-img\"><img decoding=\"async\" width=\"512\" height=\"512\" src=\"https:\/\/descomplicandosite.com\/mmautos\/wp-content\/uploads\/2023\/02\/tendencia.svg\" class=\"attachment-full size-full wp-image-627\" alt=\"\" \/><\/figure><div class=\"elementor-image-box-content\"><h3 class=\"elementor-image-box-title\">Modernidade<\/h3><p class=\"elementor-image-box-description\">Sempre investindo em inova\u00e7\u00e3o, facilitando processos e melhorando a experi\u00eancia dos nossos clientes\n\n<\/p><\/div><\/div>\t\t\t\t<\/div>\n\t\t\t\t<\/div>\n\t\t\t\t\t<\/div>\n\t\t\t\t<\/div>\n\t\t\t\t<div class=\"elementor-element elementor-element-e44d4c0 elementor-widget elementor-widget-heading\" data-id=\"e44d4c0\" data-element_type=\"widget\" data-widget_type=\"heading.default\">\n\t\t\t\t<div class=\"elementor-widget-container\">\n\t\t\t\t\t<h2 class=\"elementor-heading-title elementor-size-default\">Venha Nos Visitar\n<\/h2>\t\t\t\t<\/div>\n\t\t\t\t<\/div>\n\t\t\t\t<div class=\"elementor-element elementor-element-8c7bd82 elementor-widget elementor-widget-google_maps\" data-id=\"8c7bd82\" data-element_type=\"widget\" data-widget_type=\"google_maps.default\">\n\t\t\t\t<div class=\"elementor-widget-container\">\n\t\t\t\t\t\t\t<div class=\"elementor-custom-embed\">\n\t\t\t<iframe loading=\"lazy\"\n\t\t\t\t\tsrc=\"https:\/\/maps.google.com\/maps?q=Centro%2C%20Uberl%C3%A2ndia&#038;t=m&#038;z=17&#038;output=embed&#038;iwloc=near\"\n\t\t\t\t\ttitle=\"Centro, Uberl\u00e2ndia\"\n\t\t\t\t\taria-label=\"Centro, Uberl\u00e2ndia\"\n\t\t\t><\/iframe>\n\t\t<\/div>\n\t\t\t\t\t\t<\/div>\n\t\t\t\t<\/div>\n\t\t\t\t\t<\/div>\n\t\t\t\t<\/div>\n\t\t\t\t<\/div>\n\t\t","protected":false},"excerpt":{"rendered":"<p>Sobre N\u00f3s QUEM SOMOS MM AUTOS Na MM Autos, somos apaixonados por carros e por proporcionar a nossos clientes a melhor experi\u00eancia de compra poss\u00edvel. H\u00e1 10 anos, nos dedicamos a oferecer uma ampla sele\u00e7\u00e3o de ve\u00edculos novos e seminovos, com qualidade impec\u00e1vel e pre\u00e7os competitivos. Nosso compromisso: Variedade incompar\u00e1vel: Encontre o carro ideal para [&hellip;]<\/p>\n","protected":false},"author":1,"featured_media":0,"parent":0,"menu_order":0,"comment_status":"closed","ping_status":"closed","template":"elementor_header_footer","meta":{"footnotes":""},"class_list":["post-8","page","type-page","status-publish","hentry"],"_links":{"self":[{"href":"https:\/\/descomplicandosite.com\/mmautos\/wp-json\/wp\/v2\/pages\/8","targetHints":{"allow":["GET"]}}],"collection":[{"href":"https:\/\/descomplicandosite.com\/mmautos\/wp-json\/wp\/v2\/pages"}],"about":[{"href":"https:\/\/descomplicandosite.com\/mmautos\/wp-json\/wp\/v2\/types\/page"}],"author":[{"embeddable":true,"href":"https:\/\/descomplicandosite.com\/mmautos\/wp-json\/wp\/v2\/users\/1"}],"replies":[{"embeddable":true,"href":"https:\/\/descomplicandosite.com\/mmautos\/wp-json\/wp\/v2\/comments?post=8"}],"version-history":[{"count":0,"href":"https:\/\/descomplicandosite.com\/mmautos\/wp-json\/wp\/v2\/pages\/8\/revisions"}],"wp:attachment":[{"href":"https:\/\/descomplicandosite.com\/mmautos\/wp-json\/wp\/v2\/media?parent=8"}],"curies":[{"name":"wp","href":"https:\/\/api.w.org\/{rel}","templated":true}]}}