{"id":839,"date":"2025-02-25T11:50:58","date_gmt":"2025-02-25T14:50:58","guid":{"rendered":"https:\/\/descomplicandosite.com\/lojacatalogo\/?post_type=product&#038;p=839"},"modified":"2025-02-25T11:51:02","modified_gmt":"2025-02-25T14:51:02","slug":"lamina-sinterizada-xtone-calacatta-gold-placa-320-x-160-copia","status":"publish","type":"product","link":"https:\/\/descomplicandosite.com\/lojacatalogo\/produto\/lamina-sinterizada-xtone-calacatta-gold-placa-320-x-160-copia\/","title":{"rendered":"L\u00e2mina Sinterizada XTONE Calacatta Gold placa 3,20 x 1,60 (c\u00f3pia)"},"content":{"rendered":"<div class=\"relative bg-slate-50\">\n<div class=\"sm:min-w-[400px] min-h-[280px] md:min-w-[543px] md:min-h-[380px] lg:min-w-[812px] lg:min-h-[568px] 2xl:min-h-[700px] \">Porcelanato de grande formato<\/div>\n<\/div>\n<div class=\"order-first lg:order-none\">\n<div class=\"flex items-center justify-between\">\n<p class=\"w-fit break-words text-[14px] font-regular text-black leading-[139%] border-b border-black\">O car\u00e1ter e a nobreza do cl\u00e1ssico m\u00e1rmore branco materializam-se numa elegante superf\u00edcie caracterizada pelos seus veios luminosos com detalhes dourados distintivos. Permite projetar continuidade infinita horizontal e vertical, criando uma superf\u00edcie sem fim.<\/p>\n<\/div>\n<\/div>\n","protected":false},"excerpt":{"rendered":"<p>Porcelanato de grande formato O car\u00e1ter e a nobreza do cl\u00e1ssico m\u00e1rmore branco materializam-se numa elegante superf\u00edcie caracterizada pelos seus veios luminosos com detalhes dourados distintivos. Permite projetar continuidade infinita horizontal e vertical, criando uma superf\u00edcie sem fim.<\/p>\n","protected":false},"featured_media":830,"comment_status":"open","ping_status":"closed","template":"","meta":[],"product_brand":[98],"product_cat":[97],"product_tag":[],"class_list":{"0":"post-839","1":"product","2":"type-product","3":"status-publish","4":"has-post-thumbnail","6":"product_brand-xtone","7":"product_cat-lamina-sinterizada","9":"first","10":"instock","11":"shipping-taxable","12":"purchasable","13":"product-type-simple"},"_links":{"self":[{"href":"https:\/\/descomplicandosite.com\/lojacatalogo\/wp-json\/wp\/v2\/product\/839","targetHints":{"allow":["GET"]}}],"collection":[{"href":"https:\/\/descomplicandosite.com\/lojacatalogo\/wp-json\/wp\/v2\/product"}],"about":[{"href":"https:\/\/descomplicandosite.com\/lojacatalogo\/wp-json\/wp\/v2\/types\/product"}],"replies":[{"embeddable":true,"href":"https:\/\/descomplicandosite.com\/lojacatalogo\/wp-json\/wp\/v2\/comments?post=839"}],"wp:featuredmedia":[{"embeddable":true,"href":"https:\/\/descomplicandosite.com\/lojacatalogo\/wp-json\/wp\/v2\/media\/830"}],"wp:attachment":[{"href":"https:\/\/descomplicandosite.com\/lojacatalogo\/wp-json\/wp\/v2\/media?parent=839"}],"wp:term":[{"taxonomy":"product_brand","embeddable":true,"href":"https:\/\/descomplicandosite.com\/lojacatalogo\/wp-json\/wp\/v2\/product_brand?post=839"},{"taxonomy":"product_cat","embeddable":true,"href":"https:\/\/descomplicandosite.com\/lojacatalogo\/wp-json\/wp\/v2\/product_cat?post=839"},{"taxonomy":"product_tag","embeddable":true,"href":"https:\/\/descomplicandosite.com\/lojacatalogo\/wp-json\/wp\/v2\/product_tag?post=839"}],"curies":[{"name":"wp","href":"https:\/\/api.w.org\/{rel}","templated":true}]}}