{"id":780,"date":"2025-02-21T17:03:29","date_gmt":"2025-02-21T20:03:29","guid":{"rendered":"https:\/\/descomplicandosite.com\/lojacatalogo\/?post_type=product&#038;p=780"},"modified":"2025-02-21T17:03:29","modified_gmt":"2025-02-21T20:03:29","slug":"porcelanato-marmorizado-polido-borda-reta-interno-80x80cm-dream-incesa","status":"publish","type":"product","link":"https:\/\/descomplicandosite.com\/lojacatalogo\/produto\/porcelanato-marmorizado-polido-borda-reta-interno-80x80cm-dream-incesa\/","title":{"rendered":"Porcelanato Marmorizado Polido Borda Reta Interno 80x80cm Dream Incesa"},"content":{"rendered":"<p>O Porcelanato Dream, da Incesa, \u00e9 a solu\u00e7\u00e3o ideal para levar mais qualidade e beleza para a sua casa. Ele possui acabamento polido, borda reta al\u00e9m de contar com estampa de m\u00e1rmore que vai deixar seu ambiente com visual incr\u00edvel!<\/p>\n<p>&nbsp;<\/p>\n<div class=\"flex\">\n<p><strong>Alta durabilidade e resist\u00eancia:<\/strong><br \/>\nCom uma porosidade reduzida, os porcelanatos apresentam uma absor\u00e7\u00e3o de \u00e1gua m\u00ednima, geralmente inferior a 0,5% de sua massa, tornando-os altamente resistentes \u00e0 infiltra\u00e7\u00e3o de \u00e1gua e menos suscet\u00edveis a manchas, mofo, fungos e danos causados pela umidade ao longo do tempo. A baixa absor\u00e7\u00e3o de \u00e1gua dos porcelanatos \u00e9 uma caracter\u00edstica originada no processo de fabrica\u00e7\u00e3o, onde os materiais s\u00e3o compactados eliminando grande parte do ar e da umidade, resultando em um produto final com uma estrutura densa e robusta.<\/p>\n<\/div>\n<div class=\"flex\">\n<p><strong>Acabamento uniforme:<\/strong><br \/>\nA borda retificada \u00e9 um acabamento que proporciona precis\u00e3o \u00e0s pe\u00e7as, resultando em laterais perfeitamente retas e dimens\u00f5es regulares. Isso permite a instala\u00e7\u00e3o com juntas muito estreitas, criando um visual clean e contempor\u00e2neo. Al\u00e9m disso, a precis\u00e3o das bordas facilita a instala\u00e7\u00e3o, simplificando o nivelamento e garantindo um acabamento uniforme.<\/p>\n<\/div>\n<div class=\"flex\">\n<p><strong>Superf\u00edcie polida:<\/strong><br \/>\nCom alto brilho e uma textura que reflete luminosidade, o porcelanato polido \u00e9 a escolha ideal para quem busca adicionar requinte e sofistica\u00e7\u00e3o aos ambientes. Este porcelanatos, que passa por um processo de polimento ap\u00f3s a fabrica\u00e7\u00e3o, torna-se extremamente liso e reluzente. Sua caracter\u00edstica marcante n\u00e3o apenas eleva o visual dos espa\u00e7os, mas tamb\u00e9m contribui para uma sensa\u00e7\u00e3o de claridade e amplitude, criando um ambiente mais luminoso e convidativo.<\/p>\n<\/div>\n<div class=\"flex\">\n<p><strong>Sofistica\u00e7\u00e3o atemporal:<\/strong><br \/>\nUm porcelanato com estampa de m\u00e1rmore oferece uma eleg\u00e2ncia atemporal e sofisticada a qualquer espa\u00e7o, proporcionando n\u00e3o apenas beleza visual, mas tamb\u00e9m uma sensa\u00e7\u00e3o de luxo e requinte. Combinando a beleza atemporal do m\u00e1rmore com a durabilidade e praticidade do porcelanato, esta op\u00e7\u00e3o de revestimento se destaca como uma escolha elegante e funcional para qualquer ambiente.<\/p>\n<\/div>\n<hr \/>\n<h3><strong>Eleve o padr\u00e3o do seu projeto!<\/strong><\/h3>\n<p>O porcelanato \u00e9 mais do que um piso ou revestimento, \u00e9 uma express\u00e3o de sofistica\u00e7\u00e3o e estilo. Sua beleza transcende o tempo, transformando espa\u00e7os com sua eleg\u00e2ncia atemporal. Cada pe\u00e7a \u00e9 uma obra-prima, moldada com precis\u00e3o para criar ambientes deslumbrantes. Seu acabamento impec\u00e1vel adiciona um toque de luxo a qualquer lugar onde \u00e9 aplicado. Desde espa\u00e7os residenciais at\u00e9 ambientes comerciais, o porcelanato eleva o padr\u00e3o de qualidade e design, tornando-se o centro das aten\u00e7\u00f5es.<\/p>\n","protected":false},"excerpt":{"rendered":"<p>O Porcelanato Dream, da Incesa, \u00e9 a solu\u00e7\u00e3o ideal para levar mais qualidade e beleza para a sua casa. Ele possui acabamento polido, borda reta al\u00e9m de contar com estampa de m\u00e1rmore que vai deixar seu ambiente com visual incr\u00edvel! &nbsp; Alta durabilidade e resist\u00eancia: Com uma porosidade reduzida, os porcelanatos apresentam uma absor\u00e7\u00e3o de \u00e1gua m\u00ednima, geralmente inferior a 0,5% de sua massa, tornando-os altamente resistentes \u00e0 infiltra\u00e7\u00e3o de \u00e1gua e menos suscet\u00edveis a manchas, mofo, fungos e danos causados pela umidade ao longo do tempo. A baixa absor\u00e7\u00e3o de \u00e1gua dos porcelanatos \u00e9 uma caracter\u00edstica originada no processo de fabrica\u00e7\u00e3o, onde os materiais s\u00e3o compactados eliminando grande parte do ar e da umidade, resultando em um produto final com uma estrutura densa e robusta. Acabamento uniforme: A borda retificada \u00e9 um acabamento que proporciona precis\u00e3o \u00e0s pe\u00e7as, resultando em laterais perfeitamente retas e dimens\u00f5es regulares. Isso permite a instala\u00e7\u00e3o com juntas muito estreitas, criando um visual clean e contempor\u00e2neo. Al\u00e9m disso, a precis\u00e3o das bordas facilita a instala\u00e7\u00e3o, simplificando o nivelamento e garantindo um acabamento uniforme. Superf\u00edcie polida: Com alto brilho e uma textura que reflete luminosidade, o porcelanato polido \u00e9 a escolha ideal para quem busca adicionar requinte e sofistica\u00e7\u00e3o aos ambientes. Este porcelanatos, que passa por um processo de polimento ap\u00f3s a fabrica\u00e7\u00e3o, torna-se extremamente liso e reluzente. Sua caracter\u00edstica marcante n\u00e3o apenas eleva o visual dos espa\u00e7os, mas tamb\u00e9m contribui para uma sensa\u00e7\u00e3o de claridade e amplitude, criando um ambiente mais luminoso e convidativo. Sofistica\u00e7\u00e3o atemporal: Um porcelanato com estampa de m\u00e1rmore oferece uma eleg\u00e2ncia atemporal e sofisticada a qualquer espa\u00e7o, proporcionando n\u00e3o apenas beleza visual, mas tamb\u00e9m uma sensa\u00e7\u00e3o de luxo e requinte. Combinando a beleza atemporal do m\u00e1rmore com a durabilidade e praticidade do porcelanato, esta op\u00e7\u00e3o de revestimento se destaca como uma escolha elegante e funcional para qualquer ambiente. Eleve o padr\u00e3o do seu projeto! O porcelanato \u00e9 mais do que um piso ou revestimento, \u00e9 uma express\u00e3o de sofistica\u00e7\u00e3o e estilo. Sua beleza transcende o tempo, transformando espa\u00e7os com sua eleg\u00e2ncia atemporal. Cada pe\u00e7a \u00e9 uma obra-prima, moldada com precis\u00e3o para criar ambientes deslumbrantes. Seu acabamento impec\u00e1vel adiciona um toque de luxo a qualquer lugar onde \u00e9 aplicado. Desde espa\u00e7os residenciais at\u00e9 ambientes comerciais, o porcelanato eleva o padr\u00e3o de qualidade e design, tornando-se o centro das aten\u00e7\u00f5es.<\/p>\n","protected":false},"featured_media":781,"comment_status":"open","ping_status":"closed","template":"","meta":[],"product_brand":[94],"product_cat":[74,75],"product_tag":[],"class_list":{"0":"post-780","1":"product","2":"type-product","3":"status-publish","4":"has-post-thumbnail","6":"product_brand-dream","7":"product_cat-porcelanato-marmorizado","8":"product_cat-porcelanatos","10":"first","11":"instock","12":"sale","13":"shipping-taxable","14":"purchasable","15":"product-type-simple"},"_links":{"self":[{"href":"https:\/\/descomplicandosite.com\/lojacatalogo\/wp-json\/wp\/v2\/product\/780","targetHints":{"allow":["GET"]}}],"collection":[{"href":"https:\/\/descomplicandosite.com\/lojacatalogo\/wp-json\/wp\/v2\/product"}],"about":[{"href":"https:\/\/descomplicandosite.com\/lojacatalogo\/wp-json\/wp\/v2\/types\/product"}],"replies":[{"embeddable":true,"href":"https:\/\/descomplicandosite.com\/lojacatalogo\/wp-json\/wp\/v2\/comments?post=780"}],"wp:featuredmedia":[{"embeddable":true,"href":"https:\/\/descomplicandosite.com\/lojacatalogo\/wp-json\/wp\/v2\/media\/781"}],"wp:attachment":[{"href":"https:\/\/descomplicandosite.com\/lojacatalogo\/wp-json\/wp\/v2\/media?parent=780"}],"wp:term":[{"taxonomy":"product_brand","embeddable":true,"href":"https:\/\/descomplicandosite.com\/lojacatalogo\/wp-json\/wp\/v2\/product_brand?post=780"},{"taxonomy":"product_cat","embeddable":true,"href":"https:\/\/descomplicandosite.com\/lojacatalogo\/wp-json\/wp\/v2\/product_cat?post=780"},{"taxonomy":"product_tag","embeddable":true,"href":"https:\/\/descomplicandosite.com\/lojacatalogo\/wp-json\/wp\/v2\/product_tag?post=780"}],"curies":[{"name":"wp","href":"https:\/\/api.w.org\/{rel}","templated":true}]}}