{"id":776,"date":"2025-02-21T16:59:23","date_gmt":"2025-02-21T19:59:23","guid":{"rendered":"https:\/\/descomplicandosite.com\/lojacatalogo\/?post_type=product&#038;p=776"},"modified":"2025-02-21T16:59:47","modified_gmt":"2025-02-21T19:59:47","slug":"porcelanato-amadeirado-acetinado-borda-reta-externo-76x76cm-76021-dora","status":"publish","type":"product","link":"https:\/\/descomplicandosite.com\/lojacatalogo\/produto\/porcelanato-amadeirado-acetinado-borda-reta-externo-76x76cm-76021-dora\/","title":{"rendered":"Porcelanato Amadeirado Acetinado Borda Reta Externo 76x76cm 76021 Dora"},"content":{"rendered":"<p>Conte com este Porcelanato Amadeirado para deixar seus ambientes externos ainda mais bonitos! Ele possui uma estampa madeira na cor marrom, tem dimens\u00f5es de 76x76cm, formato quadrado, \u00e9 antiderrapante e sua embalagem cont\u00e9m 3 pe\u00e7as.<\/p>\n<p>&nbsp;<\/p>\n<div class=\"flex\">\n<p><strong>Para diversos ambientes:<\/strong><br \/>\nQuando se trata de qualidade, este Porcelanato Amadeirado d\u00e1 um show! Pensado e desenvolvido para \u00e1reas de tr\u00e1fego alto, ele \u00e9 antiderrapante e uma pe\u00e7a incr\u00edvel para ser assentado no ch\u00e3o e em paredes de ambientes externos, comerciais ou residenciais.<\/p>\n<\/div>\n<div class=\"flex\">\n<p><strong>Estilo e sofistica\u00e7\u00e3o:<\/strong><br \/>\nCom dimens\u00f5es de 76x76cm e uma superf\u00edcie acetinada, este Porcelanato Amadeirado adiciona beleza e estilo \u00e0 decora\u00e7\u00e3o do ambiente! Al\u00e9m disso, ele n\u00e3o possui varia\u00e7\u00e3o de tonalidade dentro do mesmo lote, o que garante uma apar\u00eancia uniforme e harmoniosa em toda a \u00e1rea aplicada.<\/p>\n<\/div>\n<div class=\"flex\">\n<p><strong>Aplica\u00e7\u00e3o uniforme e alinhada:<\/strong><br \/>\nPara garantir uma aplica\u00e7\u00e3o bem alinhada, este Porcelanato Amadeirado conta com borda reta e um espa\u00e7amento entre as pe\u00e7as de 2mm, o que vai deixar a est\u00e9tica do ambiente mais bonita, al\u00e9m de facilitar a limpeza do porcelanato, pois evita o ac\u00famulo de sujeira e res\u00edduos entre as pe\u00e7as.<\/p>\n<\/div>\n<div class=\"flex\">\n<p><strong>Eleg\u00e2ncia e durabilidade:<\/strong><br \/>\nCom uma elegante estampa madeira na cor marrom, este Porcelanato Acetinado proporciona uma beleza excepcional ao ambiente, elevando o seu visual com muito charme e sofistica\u00e7\u00e3o. Ele tamb\u00e9m conta com alta resist\u00eancia a manchas e a riscos, ou seja, a boa apar\u00eancia do seu porcelanato ser\u00e1 mantida por mais tempo.<\/p>\n<\/div>\n<hr \/>\n<h3><strong>Garanta versatilidade e beleza com este Porcelanato Amadeirado Acetinado Borda Reta!<\/strong><\/h3>\n<p>Outra excelente vantagem \u00e9 que este Porcelanato Amadeirado \u00e9 comercializado em caixas com 3 pe\u00e7as e metragem por embalagem de 1,73 m\u00b2, o que facilita o c\u00e1lculo da quantidade m\u00ednima de compra e evita desperd\u00edcio de material e de dinheiro.<\/p>\n<p>Al\u00e9m disso, ao adquirir este Porcelanato Amadeirado voc\u00ea ainda ter\u00e1 uma garantia de 60 meses direto do fabricante, a contar da data da compra, em caso de defeitos de f\u00e1brica.<\/p>\n","protected":false},"excerpt":{"rendered":"<p>Conte com este Porcelanato Amadeirado para deixar seus ambientes externos ainda mais bonitos! Ele possui uma estampa madeira na cor marrom, tem dimens\u00f5es de 76x76cm, formato quadrado, \u00e9 antiderrapante e sua embalagem cont\u00e9m 3 pe\u00e7as. &nbsp; Para diversos ambientes: Quando se trata de qualidade, este Porcelanato Amadeirado d\u00e1 um show! Pensado e desenvolvido para \u00e1reas de tr\u00e1fego alto, ele \u00e9 antiderrapante e uma pe\u00e7a incr\u00edvel para ser assentado no ch\u00e3o e em paredes de ambientes externos, comerciais ou residenciais. Estilo e sofistica\u00e7\u00e3o: Com dimens\u00f5es de 76x76cm e uma superf\u00edcie acetinada, este Porcelanato Amadeirado adiciona beleza e estilo \u00e0 decora\u00e7\u00e3o do ambiente! Al\u00e9m disso, ele n\u00e3o possui varia\u00e7\u00e3o de tonalidade dentro do mesmo lote, o que garante uma apar\u00eancia uniforme e harmoniosa em toda a \u00e1rea aplicada. Aplica\u00e7\u00e3o uniforme e alinhada: Para garantir uma aplica\u00e7\u00e3o bem alinhada, este Porcelanato Amadeirado conta com borda reta e um espa\u00e7amento entre as pe\u00e7as de 2mm, o que vai deixar a est\u00e9tica do ambiente mais bonita, al\u00e9m de facilitar a limpeza do porcelanato, pois evita o ac\u00famulo de sujeira e res\u00edduos entre as pe\u00e7as. Eleg\u00e2ncia e durabilidade: Com uma elegante estampa madeira na cor marrom, este Porcelanato Acetinado proporciona uma beleza excepcional ao ambiente, elevando o seu visual com muito charme e sofistica\u00e7\u00e3o. Ele tamb\u00e9m conta com alta resist\u00eancia a manchas e a riscos, ou seja, a boa apar\u00eancia do seu porcelanato ser\u00e1 mantida por mais tempo. Garanta versatilidade e beleza com este Porcelanato Amadeirado Acetinado Borda Reta! Outra excelente vantagem \u00e9 que este Porcelanato Amadeirado \u00e9 comercializado em caixas com 3 pe\u00e7as e metragem por embalagem de 1,73 m\u00b2, o que facilita o c\u00e1lculo da quantidade m\u00ednima de compra e evita desperd\u00edcio de material e de dinheiro. Al\u00e9m disso, ao adquirir este Porcelanato Amadeirado voc\u00ea ainda ter\u00e1 uma garantia de 60 meses direto do fabricante, a contar da data da compra, em caso de defeitos de f\u00e1brica.<\/p>\n","protected":false},"featured_media":777,"comment_status":"open","ping_status":"closed","template":"","meta":[],"product_brand":[92],"product_cat":[75],"product_tag":[],"class_list":{"0":"post-776","1":"product","2":"type-product","3":"status-publish","4":"has-post-thumbnail","6":"product_brand-dora","7":"product_cat-porcelanatos","9":"first","10":"instock","11":"sale","12":"shipping-taxable","13":"purchasable","14":"product-type-simple"},"_links":{"self":[{"href":"https:\/\/descomplicandosite.com\/lojacatalogo\/wp-json\/wp\/v2\/product\/776","targetHints":{"allow":["GET"]}}],"collection":[{"href":"https:\/\/descomplicandosite.com\/lojacatalogo\/wp-json\/wp\/v2\/product"}],"about":[{"href":"https:\/\/descomplicandosite.com\/lojacatalogo\/wp-json\/wp\/v2\/types\/product"}],"replies":[{"embeddable":true,"href":"https:\/\/descomplicandosite.com\/lojacatalogo\/wp-json\/wp\/v2\/comments?post=776"}],"wp:featuredmedia":[{"embeddable":true,"href":"https:\/\/descomplicandosite.com\/lojacatalogo\/wp-json\/wp\/v2\/media\/777"}],"wp:attachment":[{"href":"https:\/\/descomplicandosite.com\/lojacatalogo\/wp-json\/wp\/v2\/media?parent=776"}],"wp:term":[{"taxonomy":"product_brand","embeddable":true,"href":"https:\/\/descomplicandosite.com\/lojacatalogo\/wp-json\/wp\/v2\/product_brand?post=776"},{"taxonomy":"product_cat","embeddable":true,"href":"https:\/\/descomplicandosite.com\/lojacatalogo\/wp-json\/wp\/v2\/product_cat?post=776"},{"taxonomy":"product_tag","embeddable":true,"href":"https:\/\/descomplicandosite.com\/lojacatalogo\/wp-json\/wp\/v2\/product_tag?post=776"}],"curies":[{"name":"wp","href":"https:\/\/api.w.org\/{rel}","templated":true}]}}