{"id":771,"date":"2025-02-21T16:55:53","date_gmt":"2025-02-21T19:55:53","guid":{"rendered":"https:\/\/descomplicandosite.com\/lojacatalogo\/?post_type=product&#038;p=771"},"modified":"2025-09-17T09:06:49","modified_gmt":"2025-09-17T12:06:49","slug":"porcelanato-marmorizado-polido-borda-reta-interno-90x90cm-mont-blanc-eliane","status":"publish","type":"product","link":"https:\/\/descomplicandosite.com\/lojacatalogo\/produto\/porcelanato-marmorizado-polido-borda-reta-interno-90x90cm-mont-blanc-eliane\/","title":{"rendered":"Porcelanato Marmorizado Polido Borda Reta Interno 90x90cm Mont Blanc Eliane"},"content":{"rendered":"<p>O Porcelanato Mont Blanc da Eliane conta com borda reta e \u00e9 ideal para \u00e1reas internas. Pre\u00e7o do produto refere-se \u00e0 1m\u00b2. Produto \u00e9 comercializado em caixa com 1,62m\u00b2. Considere a metragem da caixa para calcular o valor m\u00ednimo da compra. (metragem da embalagem X valor do m\u00b2)<\/p>\n<p>&nbsp;<\/p>\n<p>Revestimentos de piso e parede de diferentes ambientes<\/p>\n<p><strong>Ideal para o espa\u00e7o que voc\u00ea quiser da casa:<\/strong><\/p>\n<p>O revestimento da marca Eliane<strong>\u00a0<\/strong>possui estampa m\u00e1rmore, um dos\u00a0<strong>visuais de pedra natural\u00a0<\/strong>mais apreciados do mercado.\u00a0<strong>Sempre atual<\/strong>, \u00e9 indicado para diferentes tipos de ambiente e uma \u00f3tima pedida para quem deseja mudar os m\u00f3veis futuramente. Sua cor \u00e9 branca com varia\u00e7\u00f5es de tons como do original que o inspira.<\/p>\n<p><strong>Resist\u00eancia para fluxo constante:<\/strong><\/p>\n<p>O porcelanato possui v\u00e1rias vantagens a seu favor. Uma delas \u00e9 ser um material\u00a0<strong>resistente \u00e0 umidade<\/strong>, por isso pode ser usado em \u00e1reas como banheiros e cozinhas, al\u00e9m de quartos e salas. Sua aplica\u00e7\u00e3o \u00e9 garantida tanto para piso quanto para parede.<\/p>\n<p><strong>Cor que deixa o ambiente mais iluminado:<\/strong><\/p>\n<p>A jun\u00e7\u00e3o do branco como cor dominante no material com o seu<strong>acabamento brilhante e liso\u00a0<\/strong>favorece a\u00a0<strong>ilumina\u00e7\u00e3o<\/strong>\u00a0no interior. O ambiente fica visualmente mais amplo e com a capacidade de refletir a luz. Espa\u00e7os como salas e quartos ficam naturalmente mais iluminados e ganham refor\u00e7o se tiverem janelas ao redor.<\/p>\n<p>&nbsp;<\/p>\n<h3><strong>Borda reta para acabamento uniforme!<\/strong><\/h3>\n<p>Cada pe\u00e7a mede 90 cm de comprimento por igual medida de largura. Suas bordas retas garantem um espa\u00e7amento pequeno entre as pe\u00e7as, permitindo que fiquem mais unidas. Lado a lado com\u00a0<strong>pouco rejunte<\/strong>, gra\u00e7as ao acabamento retificado, elas apresentam um visual uniforme de pe\u00e7a \u00fanica, como o m\u00e1rmore natural.<\/p>\n<h3><strong>Gostou do porcelanato interno m\u00e1rmore Mont Blanc, da Eliane?<\/strong><\/h3>\n<p>Ent\u00e3o voc\u00ea tamb\u00e9m vai gostar de saber que:<\/p>\n<p>H\u00e1 uma\u00a0<strong>garantia de 60 meses\u00a0<\/strong>para defeitos de fabrica\u00e7\u00e3o caso sejam encontrados nas pe\u00e7as.<\/p>\n<p>Cada caixa cont\u00e9m 1,62\u00a0<a name=\"_Hlk119156146\"><\/a>m\u00b2.<\/p>\n","protected":false},"excerpt":{"rendered":"<p>O Porcelanato Mont Blanc da Eliane conta com borda reta e \u00e9 ideal para \u00e1reas internas. Pre\u00e7o do produto refere-se \u00e0 1m\u00b2. Produto \u00e9 comercializado em caixa com 1,62m\u00b2. Considere a metragem da caixa para calcular o valor m\u00ednimo da compra. (metragem da embalagem X valor do m\u00b2) &nbsp; Revestimentos de piso e parede de diferentes ambientes Ideal para o espa\u00e7o que voc\u00ea quiser da casa: O revestimento da marca Eliane\u00a0possui estampa m\u00e1rmore, um dos\u00a0visuais de pedra natural\u00a0mais apreciados do mercado.\u00a0Sempre atual, \u00e9 indicado para diferentes tipos de ambiente e uma \u00f3tima pedida para quem deseja mudar os m\u00f3veis futuramente. Sua cor \u00e9 branca com varia\u00e7\u00f5es de tons como do original que o inspira. Resist\u00eancia para fluxo constante: O porcelanato possui v\u00e1rias vantagens a seu favor. Uma delas \u00e9 ser um material\u00a0resistente \u00e0 umidade, por isso pode ser usado em \u00e1reas como banheiros e cozinhas, al\u00e9m de quartos e salas. Sua aplica\u00e7\u00e3o \u00e9 garantida tanto para piso quanto para parede. Cor que deixa o ambiente mais iluminado: A jun\u00e7\u00e3o do branco como cor dominante no material com o seuacabamento brilhante e liso\u00a0favorece a\u00a0ilumina\u00e7\u00e3o\u00a0no interior. O ambiente fica visualmente mais amplo e com a capacidade de refletir a luz. Espa\u00e7os como salas e quartos ficam naturalmente mais iluminados e ganham refor\u00e7o se tiverem janelas ao redor. &nbsp; Borda reta para acabamento uniforme! Cada pe\u00e7a mede 90 cm de comprimento por igual medida de largura. Suas bordas retas garantem um espa\u00e7amento pequeno entre as pe\u00e7as, permitindo que fiquem mais unidas. Lado a lado com\u00a0pouco rejunte, gra\u00e7as ao acabamento retificado, elas apresentam um visual uniforme de pe\u00e7a \u00fanica, como o m\u00e1rmore natural. Gostou do porcelanato interno m\u00e1rmore Mont Blanc, da Eliane? Ent\u00e3o voc\u00ea tamb\u00e9m vai gostar de saber que: H\u00e1 uma\u00a0garantia de 60 meses\u00a0para defeitos de fabrica\u00e7\u00e3o caso sejam encontrados nas pe\u00e7as. Cada caixa cont\u00e9m 1,62\u00a0m\u00b2.<\/p>\n","protected":false},"featured_media":772,"comment_status":"open","ping_status":"closed","template":"","meta":[],"product_brand":[88],"product_cat":[74,75],"product_tag":[],"class_list":{"0":"post-771","1":"product","2":"type-product","3":"status-publish","4":"has-post-thumbnail","6":"product_brand-eliane","7":"product_cat-porcelanato-marmorizado","8":"product_cat-porcelanatos","10":"first","11":"instock","12":"shipping-taxable","13":"purchasable","14":"product-type-simple"},"_links":{"self":[{"href":"https:\/\/descomplicandosite.com\/lojacatalogo\/wp-json\/wp\/v2\/product\/771","targetHints":{"allow":["GET"]}}],"collection":[{"href":"https:\/\/descomplicandosite.com\/lojacatalogo\/wp-json\/wp\/v2\/product"}],"about":[{"href":"https:\/\/descomplicandosite.com\/lojacatalogo\/wp-json\/wp\/v2\/types\/product"}],"replies":[{"embeddable":true,"href":"https:\/\/descomplicandosite.com\/lojacatalogo\/wp-json\/wp\/v2\/comments?post=771"}],"wp:featuredmedia":[{"embeddable":true,"href":"https:\/\/descomplicandosite.com\/lojacatalogo\/wp-json\/wp\/v2\/media\/772"}],"wp:attachment":[{"href":"https:\/\/descomplicandosite.com\/lojacatalogo\/wp-json\/wp\/v2\/media?parent=771"}],"wp:term":[{"taxonomy":"product_brand","embeddable":true,"href":"https:\/\/descomplicandosite.com\/lojacatalogo\/wp-json\/wp\/v2\/product_brand?post=771"},{"taxonomy":"product_cat","embeddable":true,"href":"https:\/\/descomplicandosite.com\/lojacatalogo\/wp-json\/wp\/v2\/product_cat?post=771"},{"taxonomy":"product_tag","embeddable":true,"href":"https:\/\/descomplicandosite.com\/lojacatalogo\/wp-json\/wp\/v2\/product_tag?post=771"}],"curies":[{"name":"wp","href":"https:\/\/api.w.org\/{rel}","templated":true}]}}