{"id":1056,"date":"2025-03-13T10:03:07","date_gmt":"2025-03-13T13:03:07","guid":{"rendered":"https:\/\/descomplicandosite.com\/lojacatalogo\/?post_type=product&#038;p=1056"},"modified":"2025-03-13T10:05:17","modified_gmt":"2025-03-13T13:05:17","slug":"pedra-de-marmore-aurora-crema","status":"publish","type":"product","link":"https:\/\/descomplicandosite.com\/lojacatalogo\/produto\/pedra-de-marmore-aurora-crema\/","title":{"rendered":"Pedra De M\u00e1rmore Aurora Crema"},"content":{"rendered":"<p class=\"pdshow-r-text\">Os m\u00e1rmores t\u00eam em sua forma\u00e7\u00e3o bens mineiras constitu\u00eddos basicamente por calcita, formados por milh\u00f5es e milh\u00f5es de anos. Isso significa que ao optar por esta rocha ornamental em seu projeto, voc\u00ea levar\u00e1 um pouco da hist\u00f3ria do planeta para sua casa.<\/p>\n<p>&nbsp;<\/p>\n<p>A utiliza\u00e7\u00e3o dos m\u00e1rmores \u00e9 das mais variadas, destacando-se revestimentos de pisos e paredes, tampos, mesas e lavabos, entre outros. O uso de m\u00e1rmores no dia-a-dia torna-se mais resistente com a impermeabiliza\u00e7\u00e3o. Sugerimos o uso do impermeabilizante Dry-Treat, o mais tecnol\u00f3gico dispon\u00edvel no mercado mundial.<\/p>\n","protected":false},"excerpt":{"rendered":"<p>Os m\u00e1rmores t\u00eam em sua forma\u00e7\u00e3o bens mineiras constitu\u00eddos basicamente por calcita, formados por milh\u00f5es e milh\u00f5es de anos. Isso significa que ao optar por esta rocha ornamental em seu projeto, voc\u00ea levar\u00e1 um pouco da hist\u00f3ria do planeta para sua casa. &nbsp; A utiliza\u00e7\u00e3o dos m\u00e1rmores \u00e9 das mais variadas, destacando-se revestimentos de pisos e paredes, tampos, mesas e lavabos, entre outros. O uso de m\u00e1rmores no dia-a-dia torna-se mais resistente com a impermeabiliza\u00e7\u00e3o. Sugerimos o uso do impermeabilizante Dry-Treat, o mais tecnol\u00f3gico dispon\u00edvel no mercado mundial.<\/p>\n","protected":false},"featured_media":1057,"comment_status":"open","ping_status":"closed","template":"","meta":[],"product_brand":[98],"product_cat":[102],"product_tag":[],"class_list":{"0":"post-1056","1":"product","2":"type-product","3":"status-publish","4":"has-post-thumbnail","6":"product_brand-xtone","7":"product_cat-marmores","9":"first","10":"instock","11":"sale","12":"shipping-taxable","13":"purchasable","14":"product-type-simple"},"_links":{"self":[{"href":"https:\/\/descomplicandosite.com\/lojacatalogo\/wp-json\/wp\/v2\/product\/1056","targetHints":{"allow":["GET"]}}],"collection":[{"href":"https:\/\/descomplicandosite.com\/lojacatalogo\/wp-json\/wp\/v2\/product"}],"about":[{"href":"https:\/\/descomplicandosite.com\/lojacatalogo\/wp-json\/wp\/v2\/types\/product"}],"replies":[{"embeddable":true,"href":"https:\/\/descomplicandosite.com\/lojacatalogo\/wp-json\/wp\/v2\/comments?post=1056"}],"wp:featuredmedia":[{"embeddable":true,"href":"https:\/\/descomplicandosite.com\/lojacatalogo\/wp-json\/wp\/v2\/media\/1057"}],"wp:attachment":[{"href":"https:\/\/descomplicandosite.com\/lojacatalogo\/wp-json\/wp\/v2\/media?parent=1056"}],"wp:term":[{"taxonomy":"product_brand","embeddable":true,"href":"https:\/\/descomplicandosite.com\/lojacatalogo\/wp-json\/wp\/v2\/product_brand?post=1056"},{"taxonomy":"product_cat","embeddable":true,"href":"https:\/\/descomplicandosite.com\/lojacatalogo\/wp-json\/wp\/v2\/product_cat?post=1056"},{"taxonomy":"product_tag","embeddable":true,"href":"https:\/\/descomplicandosite.com\/lojacatalogo\/wp-json\/wp\/v2\/product_tag?post=1056"}],"curies":[{"name":"wp","href":"https:\/\/api.w.org\/{rel}","templated":true}]}}