{"id":253,"date":"2023-05-26T17:51:47","date_gmt":"2023-05-26T20:51:47","guid":{"rendered":"https:\/\/pluginsds.com\/sites\/?page_id=253"},"modified":"2025-03-13T09:19:23","modified_gmt":"2025-03-13T12:19:23","slug":"sobre-nos","status":"publish","type":"page","link":"https:\/\/descomplicandosite.com\/lojacatalogo\/sobre-nos\/","title":{"rendered":"Sobre N\u00f3s"},"content":{"rendered":"\t\t<div data-elementor-type=\"wp-page\" data-elementor-id=\"253\" class=\"elementor elementor-253\">\n\t\t\t\t<div class=\"elementor-element elementor-element-c69f863 e-flex e-con-boxed wpr-particle-no wpr-jarallax-no wpr-parallax-no wpr-sticky-section-no wpr-equal-height-no e-con e-parent\" data-id=\"c69f863\" data-element_type=\"container\" data-e-type=\"container\">\n\t\t\t\t\t<div class=\"e-con-inner\">\n\t\t<div class=\"elementor-element elementor-element-b2dae10 e-con-full e-flex wpr-particle-no wpr-jarallax-no wpr-parallax-no wpr-sticky-section-no wpr-equal-height-no e-con e-child\" data-id=\"b2dae10\" data-element_type=\"container\" data-e-type=\"container\">\n\t\t\t\t<div class=\"elementor-element elementor-element-b6d21a0 elementor-widget elementor-widget-heading\" data-id=\"b6d21a0\" data-element_type=\"widget\" data-e-type=\"widget\" data-widget_type=\"heading.default\">\n\t\t\t\t<div class=\"elementor-widget-container\">\n\t\t\t\t\t<h2 class=\"elementor-heading-title elementor-size-default\">Sobre N\u00f3s\n<\/h2>\t\t\t\t<\/div>\n\t\t\t\t<\/div>\n\t\t\t\t<div class=\"elementor-element elementor-element-786033c elementor-widget elementor-widget-text-editor\" data-id=\"786033c\" data-element_type=\"widget\" data-e-type=\"widget\" data-widget_type=\"text-editor.default\">\n\t\t\t\t<div class=\"elementor-widget-container\">\n\t\t\t\t\t\t\t\t\t<p>Aqui na Mafra Superf\u00edcies comprometidos em oferecer os melhores produtos sempre com aquele pre\u00e7o especial que cabe no seu bolso, tudo isso alinhado com uma atendimento ao cliente em tempo real, onde priorizamos sempre a satisfa\u00e7\u00e3o dos nossos consumidores.<\/p><p>Surgimos pela paix\u00e3o e pelo desejo de conectar as pessoas com o que h\u00e1 de melhor sem a necessidade de sair de casa. Levamos com a comodidade de comprar com a apenas um clique todas as tend\u00eancias mundiais para o conforto do seu lar.<\/p><p>N\u00f3s somos apaixonados pelo o que fazemos! Temos uma equipe treinada e direcionada para sempre atualizarmos nossos estoques com o que h\u00e1 de mais recente e sofisticado no cen\u00e1rio mundial.<\/p><p>Buscamos sempre os melhores produtos e fornecedores para proporcionar aos nossos clientes o melhor pre\u00e7o da cidade. Todos os nossos fornecedores passam por um processo bem rigoroso de an\u00e1lise para que possam trabalhar junto conosco, fazemos isso para que possamos fornecer produtos que supram todas as exig\u00eancias dos nossos clientes.<\/p>\t\t\t\t\t\t\t\t<\/div>\n\t\t\t\t<\/div>\n\t\t\t\t<div class=\"elementor-element elementor-element-fdbb722 elementor-widget elementor-widget-button\" data-id=\"fdbb722\" data-element_type=\"widget\" data-e-type=\"widget\" data-widget_type=\"button.default\">\n\t\t\t\t<div class=\"elementor-widget-container\">\n\t\t\t\t\t\t\t\t\t<div class=\"elementor-button-wrapper\">\n\t\t\t\t\t<a class=\"elementor-button elementor-button-link elementor-size-sm\" href=\"https:\/\/descomplicandosite.com\/lojacatalogo\/contato\/\">\n\t\t\t\t\t\t<span class=\"elementor-button-content-wrapper\">\n\t\t\t\t\t\t\t\t\t<span class=\"elementor-button-text\">Duvidas? Fale Conosco<\/span>\n\t\t\t\t\t<\/span>\n\t\t\t\t\t<\/a>\n\t\t\t\t<\/div>\n\t\t\t\t\t\t\t\t<\/div>\n\t\t\t\t<\/div>\n\t\t\t\t<\/div>\n\t\t<div class=\"elementor-element elementor-element-c88a257 e-con-full e-flex wpr-particle-no wpr-jarallax-no wpr-parallax-no wpr-sticky-section-no wpr-equal-height-no e-con e-child\" data-id=\"c88a257\" data-element_type=\"container\" data-e-type=\"container\">\n\t\t\t\t<div class=\"elementor-element elementor-element-2045b3c elementor-widget elementor-widget-image\" data-id=\"2045b3c\" data-element_type=\"widget\" data-e-type=\"widget\" data-widget_type=\"image.default\">\n\t\t\t\t<div class=\"elementor-widget-container\">\n\t\t\t\t\t\t\t\t\t\t\t\t\t\t\t<img fetchpriority=\"high\" decoding=\"async\" width=\"1000\" height=\"974\" src=\"https:\/\/descomplicandosite.com\/lojacatalogo\/wp-content\/uploads\/2025\/02\/loja-Mafra3.png\" class=\"attachment-full size-full wp-image-935\" alt=\"\" srcset=\"https:\/\/descomplicandosite.com\/lojacatalogo\/wp-content\/uploads\/2025\/02\/loja-Mafra3.png 1000w, https:\/\/descomplicandosite.com\/lojacatalogo\/wp-content\/uploads\/2025\/02\/loja-Mafra3-300x292.png 300w, https:\/\/descomplicandosite.com\/lojacatalogo\/wp-content\/uploads\/2025\/02\/loja-Mafra3-768x748.png 768w, https:\/\/descomplicandosite.com\/lojacatalogo\/wp-content\/uploads\/2025\/02\/loja-Mafra3-600x584.png 600w\" sizes=\"(max-width: 1000px) 100vw, 1000px\" \/>\t\t\t\t\t\t\t\t\t\t\t\t\t\t\t<\/div>\n\t\t\t\t<\/div>\n\t\t\t\t<\/div>\n\t\t\t\t\t<\/div>\n\t\t\t\t<\/div>\n\t\t\t\t<\/div>\n\t\t","protected":false},"excerpt":{"rendered":"<p>Sobre N\u00f3s Aqui na Mafra Superf\u00edcies comprometidos em oferecer os melhores produtos sempre com aquele pre\u00e7o especial que cabe no seu bolso, tudo isso alinhado com uma atendimento ao cliente em tempo real, onde priorizamos sempre a satisfa\u00e7\u00e3o dos nossos consumidores. Surgimos pela paix\u00e3o e pelo desejo de conectar as pessoas com o que h\u00e1 de melhor sem a necessidade de sair de casa. Levamos com a comodidade de comprar com a apenas um clique todas as tend\u00eancias mundiais para o conforto do seu lar. N\u00f3s somos apaixonados pelo o que fazemos! Temos uma equipe treinada e direcionada para sempre atualizarmos nossos estoques com o que h\u00e1 de mais recente e sofisticado no cen\u00e1rio mundial. Buscamos sempre os melhores produtos e fornecedores para proporcionar aos nossos clientes o melhor pre\u00e7o da cidade. Todos os nossos fornecedores passam por um processo bem rigoroso de an\u00e1lise para que possam trabalhar junto conosco, fazemos isso para que possamos fornecer produtos que supram todas as exig\u00eancias dos nossos clientes. Duvidas? Fale Conosco<\/p>\n","protected":false},"author":1,"featured_media":0,"parent":0,"menu_order":0,"comment_status":"closed","ping_status":"closed","template":"elementor_header_footer","meta":{"footnotes":""},"class_list":["post-253","page","type-page","status-publish","hentry"],"_links":{"self":[{"href":"https:\/\/descomplicandosite.com\/lojacatalogo\/wp-json\/wp\/v2\/pages\/253","targetHints":{"allow":["GET"]}}],"collection":[{"href":"https:\/\/descomplicandosite.com\/lojacatalogo\/wp-json\/wp\/v2\/pages"}],"about":[{"href":"https:\/\/descomplicandosite.com\/lojacatalogo\/wp-json\/wp\/v2\/types\/page"}],"author":[{"embeddable":true,"href":"https:\/\/descomplicandosite.com\/lojacatalogo\/wp-json\/wp\/v2\/users\/1"}],"replies":[{"embeddable":true,"href":"https:\/\/descomplicandosite.com\/lojacatalogo\/wp-json\/wp\/v2\/comments?post=253"}],"version-history":[{"count":18,"href":"https:\/\/descomplicandosite.com\/lojacatalogo\/wp-json\/wp\/v2\/pages\/253\/revisions"}],"predecessor-version":[{"id":1030,"href":"https:\/\/descomplicandosite.com\/lojacatalogo\/wp-json\/wp\/v2\/pages\/253\/revisions\/1030"}],"wp:attachment":[{"href":"https:\/\/descomplicandosite.com\/lojacatalogo\/wp-json\/wp\/v2\/media?parent=253"}],"curies":[{"name":"wp","href":"https:\/\/api.w.org\/{rel}","templated":true}]}}