{"id":466,"date":"2022-09-22T22:55:54","date_gmt":"2022-09-22T22:55:54","guid":{"rendered":"https:\/\/pluginsds.com\/sites\/?post_type=product&#038;p=466"},"modified":"2022-09-22T22:56:39","modified_gmt":"2022-09-22T22:56:39","slug":"rimel-qic-a-prova-dagua-4d","status":"publish","type":"product","link":"https:\/\/descomplicandosite.com\/lemondrop\/produto\/rimel-qic-a-prova-dagua-4d\/","title":{"rendered":"R\u00edmel Qic \u00e1 prova D&#8217;\u00e1gua &#8211; 4D"},"content":{"rendered":"","protected":false},"excerpt":{"rendered":"","protected":false},"featured_media":535,"comment_status":"open","ping_status":"closed","template":"","meta":[],"product_brand":[],"product_cat":[52],"product_tag":[],"class_list":{"0":"post-466","1":"product","2":"type-product","3":"status-publish","4":"has-post-thumbnail","6":"product_cat-beleza-e-bem-estar","8":"first","9":"instock","10":"shipping-taxable","11":"purchasable","12":"product-type-variable"},"_links":{"self":[{"href":"https:\/\/descomplicandosite.com\/lemondrop\/wp-json\/wp\/v2\/product\/466","targetHints":{"allow":["GET"]}}],"collection":[{"href":"https:\/\/descomplicandosite.com\/lemondrop\/wp-json\/wp\/v2\/product"}],"about":[{"href":"https:\/\/descomplicandosite.com\/lemondrop\/wp-json\/wp\/v2\/types\/product"}],"replies":[{"embeddable":true,"href":"https:\/\/descomplicandosite.com\/lemondrop\/wp-json\/wp\/v2\/comments?post=466"}],"wp:featuredmedia":[{"embeddable":true,"href":"https:\/\/descomplicandosite.com\/lemondrop\/wp-json\/wp\/v2\/media\/535"}],"wp:attachment":[{"href":"https:\/\/descomplicandosite.com\/lemondrop\/wp-json\/wp\/v2\/media?parent=466"}],"wp:term":[{"taxonomy":"product_brand","embeddable":true,"href":"https:\/\/descomplicandosite.com\/lemondrop\/wp-json\/wp\/v2\/product_brand?post=466"},{"taxonomy":"product_cat","embeddable":true,"href":"https:\/\/descomplicandosite.com\/lemondrop\/wp-json\/wp\/v2\/product_cat?post=466"},{"taxonomy":"product_tag","embeddable":true,"href":"https:\/\/descomplicandosite.com\/lemondrop\/wp-json\/wp\/v2\/product_tag?post=466"}],"curies":[{"name":"wp","href":"https:\/\/api.w.org\/{rel}","templated":true}]}}