{"id":12,"date":"2024-11-23T12:33:05","date_gmt":"2024-11-23T12:33:05","guid":{"rendered":"https:\/\/nexusmyhome.com\/?page_id=12"},"modified":"2025-01-30T13:18:57","modified_gmt":"2025-01-30T13:18:57","slug":"sobre-nos","status":"publish","type":"page","link":"https:\/\/descomplicandosite.com\/capturestudiom\/sobre-nos\/","title":{"rendered":"Sobre N\u00f3s"},"content":{"rendered":"\t\t<div data-elementor-type=\"wp-page\" data-elementor-id=\"12\" class=\"elementor elementor-12\">\n\t\t\t\t<div class=\"elementor-element elementor-element-3237c9c e-flex e-con-boxed wpr-particle-no wpr-jarallax-no wpr-parallax-no wpr-sticky-section-no wpr-equal-height-no e-con e-parent\" data-id=\"3237c9c\" data-element_type=\"container\" data-e-type=\"container\" data-settings=\"{&quot;background_background&quot;:&quot;classic&quot;}\">\n\t\t\t\t\t<div class=\"e-con-inner\">\n\t\t\t\t<div class=\"elementor-element elementor-element-9821766 elementor-widget elementor-widget-heading\" data-id=\"9821766\" data-element_type=\"widget\" data-e-type=\"widget\" data-widget_type=\"heading.default\">\n\t\t\t\t<div class=\"elementor-widget-container\">\n\t\t\t\t\t<h2 class=\"elementor-heading-title elementor-size-default\">Sobre N\u00f3s<\/h2>\t\t\t\t<\/div>\n\t\t\t\t<\/div>\n\t\t\t\t\t<\/div>\n\t\t\t\t<\/div>\n\t\t<div class=\"elementor-element elementor-element-ced45ff e-flex e-con-boxed wpr-particle-no wpr-jarallax-no wpr-parallax-no wpr-sticky-section-no wpr-equal-height-no e-con e-parent\" data-id=\"ced45ff\" data-element_type=\"container\" data-e-type=\"container\" data-settings=\"{&quot;background_background&quot;:&quot;classic&quot;}\">\n\t\t\t\t\t<div class=\"e-con-inner\">\n\t\t<div class=\"elementor-element elementor-element-a654d60 e-con-full e-flex wpr-particle-no wpr-jarallax-no wpr-parallax-no wpr-sticky-section-no wpr-equal-height-no e-con e-child\" data-id=\"a654d60\" data-element_type=\"container\" data-e-type=\"container\">\n\t\t\t\t<div class=\"elementor-element elementor-element-c2f3435 elementor-invisible elementor-widget elementor-widget-heading\" data-id=\"c2f3435\" data-element_type=\"widget\" data-e-type=\"widget\" data-settings=\"{&quot;_animation&quot;:&quot;fadeIn&quot;}\" data-widget_type=\"heading.default\">\n\t\t\t\t<div class=\"elementor-widget-container\">\n\t\t\t\t\t<h2 class=\"elementor-heading-title elementor-size-default\">Sobre N\u00f3s<\/h2>\t\t\t\t<\/div>\n\t\t\t\t<\/div>\n\t\t\t\t<div class=\"elementor-element elementor-element-a8e6125 elementor-widget elementor-widget-heading\" data-id=\"a8e6125\" data-element_type=\"widget\" data-e-type=\"widget\" data-widget_type=\"heading.default\">\n\t\t\t\t<div class=\"elementor-widget-container\">\n\t\t\t\t\t<h2 class=\"elementor-heading-title elementor-size-default\">Fotografo profissional em UBERL\u00c2NDIA<\/h2>\t\t\t\t<\/div>\n\t\t\t\t<\/div>\n\t\t\t\t<div class=\"elementor-element elementor-element-765c6e2 elementor-invisible elementor-widget elementor-widget-text-editor\" data-id=\"765c6e2\" data-element_type=\"widget\" data-e-type=\"widget\" data-settings=\"{&quot;_animation&quot;:&quot;fadeIn&quot;}\" data-widget_type=\"text-editor.default\">\n\t\t\t\t<div class=\"elementor-widget-container\">\n\t\t\t\t\t\t\t\t\t<p>Transformamos momentos em arte e hist\u00f3rias em mem\u00f3rias inesquec\u00edveis. Mais do que fot\u00f3grafos, somos contadores de hist\u00f3rias que capturam a ess\u00eancia de cada instante com sensibilidade e perfei\u00e7\u00e3o.<\/p><p>Nosso trabalho \u00e9 guiado pela paix\u00e3o em registrar o que h\u00e1 de mais especial na vida: emo\u00e7\u00f5es genu\u00ednas, conex\u00f5es verdadeiras e a beleza \u00fanica de cada detalhe. Acreditamos que a fotografia vai al\u00e9m de uma imagem; ela \u00e9 um legado que atravessa o tempo, preservando lembran\u00e7as e sentimentos.<\/p><p>Com equipamentos de ponta e um olhar criativo, garantimos registros personalizados que traduzem sua personalidade e estilo. Seja para um casamento, ensaio pessoal, evento ou projeto comercial, estamos aqui para criar imagens que falem por si e emocionem por gera\u00e7\u00f5es.<\/p><p><strong>Escolha a excel\u00eancia. Escolha viver seus momentos atrav\u00e9s de nossas lentes.<\/strong><\/p>\t\t\t\t\t\t\t\t<\/div>\n\t\t\t\t<\/div>\n\t\t\t\t<div class=\"elementor-element elementor-element-282b49a elementor-align-left elementor-widget elementor-widget-button\" data-id=\"282b49a\" data-element_type=\"widget\" data-e-type=\"widget\" data-widget_type=\"button.default\">\n\t\t\t\t<div class=\"elementor-widget-container\">\n\t\t\t\t\t\t\t\t\t<div class=\"elementor-button-wrapper\">\n\t\t\t\t\t<a class=\"elementor-button elementor-button-link elementor-size-sm elementor-animation-shrink\" href=\"https:\/\/descomplicandosite.com\/capturestudiom\/projetos\/\">\n\t\t\t\t\t\t<span class=\"elementor-button-content-wrapper\">\n\t\t\t\t\t\t<span class=\"elementor-button-icon\">\n\t\t\t\t<svg aria-hidden=\"true\" class=\"e-font-icon-svg e-far-arrow-alt-circle-right\" viewBox=\"0 0 512 512\" xmlns=\"http:\/\/www.w3.org\/2000\/svg\"><path d=\"M504 256C504 119 393 8 256 8S8 119 8 256s111 248 248 248 248-111 248-248zm-448 0c0-110.5 89.5-200 200-200s200 89.5 200 200-89.5 200-200 200S56 366.5 56 256zm72 20v-40c0-6.6 5.4-12 12-12h116v-67c0-10.7 12.9-16 20.5-8.5l99 99c4.7 4.7 4.7 12.3 0 17l-99 99c-7.6 7.6-20.5 2.2-20.5-8.5v-67H140c-6.6 0-12-5.4-12-12z\"><\/path><\/svg>\t\t\t<\/span>\n\t\t\t\t\t\t\t\t\t<span class=\"elementor-button-text\">Veja  Alguns Dos Nossos Projetos<\/span>\n\t\t\t\t\t<\/span>\n\t\t\t\t\t<\/a>\n\t\t\t\t<\/div>\n\t\t\t\t\t\t\t\t<\/div>\n\t\t\t\t<\/div>\n\t\t\t\t<\/div>\n\t\t<div class=\"elementor-element elementor-element-409043e e-con-full e-flex wpr-particle-no wpr-jarallax-no wpr-parallax-no wpr-sticky-section-no wpr-equal-height-no e-con e-child\" data-id=\"409043e\" data-element_type=\"container\" data-e-type=\"container\">\n\t\t\t\t<div class=\"elementor-element elementor-element-c71a6de elementor-widget elementor-widget-image\" data-id=\"c71a6de\" data-element_type=\"widget\" data-e-type=\"widget\" data-widget_type=\"image.default\">\n\t\t\t\t<div class=\"elementor-widget-container\">\n\t\t\t\t\t\t\t\t\t\t\t\t\t\t\t<img fetchpriority=\"high\" decoding=\"async\" width=\"1500\" height=\"1000\" src=\"https:\/\/descomplicandosite.com\/capturestudiom\/wp-content\/uploads\/2025\/01\/sobre-nos.gif\" class=\"attachment-full size-full wp-image-330\" alt=\"\" \/>\t\t\t\t\t\t\t\t\t\t\t\t\t\t\t<\/div>\n\t\t\t\t<\/div>\n\t\t\t\t<\/div>\n\t\t\t\t\t<\/div>\n\t\t\t\t<\/div>\n\t\t<div class=\"elementor-element elementor-element-08dd5e9 e-flex e-con-boxed wpr-particle-no wpr-jarallax-no wpr-parallax-no wpr-sticky-section-no wpr-equal-height-no e-con e-parent\" data-id=\"08dd5e9\" data-element_type=\"container\" data-e-type=\"container\">\n\t\t\t\t\t<div class=\"e-con-inner\">\n\t\t\t\t<div class=\"elementor-element elementor-element-c137197 elementor-invisible elementor-widget elementor-widget-heading\" data-id=\"c137197\" data-element_type=\"widget\" data-e-type=\"widget\" data-settings=\"{&quot;_animation&quot;:&quot;fadeIn&quot;}\" data-widget_type=\"heading.default\">\n\t\t\t\t<div class=\"elementor-widget-container\">\n\t\t\t\t\t<h2 class=\"elementor-heading-title elementor-size-default\">Nossos N\u00fameros<\/h2>\t\t\t\t<\/div>\n\t\t\t\t<\/div>\n\t\t\t\t\t<\/div>\n\t\t\t\t<\/div>\n\t\t<div class=\"elementor-element elementor-element-253f4ad e-grid e-con-boxed wpr-particle-no wpr-jarallax-no wpr-parallax-no wpr-sticky-section-no wpr-equal-height-no elementor-invisible e-con e-parent\" data-id=\"253f4ad\" data-element_type=\"container\" data-e-type=\"container\" data-settings=\"{&quot;animation&quot;:&quot;fadeIn&quot;}\">\n\t\t\t\t\t<div class=\"e-con-inner\">\n\t\t\t\t<div class=\"elementor-element elementor-element-9a87e65 elementor-widget elementor-widget-counter\" data-id=\"9a87e65\" data-element_type=\"widget\" data-e-type=\"widget\" data-widget_type=\"counter.default\">\n\t\t\t\t<div class=\"elementor-widget-container\">\n\t\t\t\t\t\t\t<div class=\"elementor-counter\">\n\t\t\t<div class=\"elementor-counter-title\">Clientes satisfeitos<\/div>\t\t\t<div class=\"elementor-counter-number-wrapper\">\n\t\t\t\t<span class=\"elementor-counter-number-prefix\">+<\/span>\n\t\t\t\t<span class=\"elementor-counter-number\" data-duration=\"2000\" data-to-value=\"300\" data-from-value=\"0\" data-delimiter=\",\">0<\/span>\n\t\t\t\t<span class=\"elementor-counter-number-suffix\"><\/span>\n\t\t\t<\/div>\n\t\t<\/div>\n\t\t\t\t\t\t<\/div>\n\t\t\t\t<\/div>\n\t\t\t\t<div class=\"elementor-element elementor-element-5bffc9c elementor-widget elementor-widget-counter\" data-id=\"5bffc9c\" data-element_type=\"widget\" data-e-type=\"widget\" data-widget_type=\"counter.default\">\n\t\t\t\t<div class=\"elementor-widget-container\">\n\t\t\t\t\t\t\t<div class=\"elementor-counter\">\n\t\t\t<div class=\"elementor-counter-title\">Ensaios realizados<\/div>\t\t\t<div class=\"elementor-counter-number-wrapper\">\n\t\t\t\t<span class=\"elementor-counter-number-prefix\">+<\/span>\n\t\t\t\t<span class=\"elementor-counter-number\" data-duration=\"2000\" data-to-value=\"500\" data-from-value=\"0\" data-delimiter=\",\">0<\/span>\n\t\t\t\t<span class=\"elementor-counter-number-suffix\"><\/span>\n\t\t\t<\/div>\n\t\t<\/div>\n\t\t\t\t\t\t<\/div>\n\t\t\t\t<\/div>\n\t\t\t\t<div class=\"elementor-element elementor-element-aa0370d elementor-widget elementor-widget-counter\" data-id=\"aa0370d\" data-element_type=\"widget\" data-e-type=\"widget\" data-widget_type=\"counter.default\">\n\t\t\t\t<div class=\"elementor-widget-container\">\n\t\t\t\t\t\t\t<div class=\"elementor-counter\">\n\t\t\t<div class=\"elementor-counter-title\">Fotos entregues<\/div>\t\t\t<div class=\"elementor-counter-number-wrapper\">\n\t\t\t\t<span class=\"elementor-counter-number-prefix\">+<\/span>\n\t\t\t\t<span class=\"elementor-counter-number\" data-duration=\"2000\" data-to-value=\"30000\" data-from-value=\"0\" data-delimiter=\".\">0<\/span>\n\t\t\t\t<span class=\"elementor-counter-number-suffix\"><\/span>\n\t\t\t<\/div>\n\t\t<\/div>\n\t\t\t\t\t\t<\/div>\n\t\t\t\t<\/div>\n\t\t\t\t\t<\/div>\n\t\t\t\t<\/div>\n\t\t<div class=\"elementor-element elementor-element-75a865f e-flex e-con-boxed wpr-particle-no wpr-jarallax-no wpr-parallax-no wpr-sticky-section-no wpr-equal-height-no e-con e-parent\" data-id=\"75a865f\" data-element_type=\"container\" data-e-type=\"container\" data-settings=\"{&quot;background_background&quot;:&quot;classic&quot;}\">\n\t\t\t\t\t<div class=\"e-con-inner\">\n\t\t\t\t<div class=\"elementor-element elementor-element-7d83616 elementor-widget elementor-widget-heading\" data-id=\"7d83616\" data-element_type=\"widget\" data-e-type=\"widget\" data-widget_type=\"heading.default\">\n\t\t\t\t<div class=\"elementor-widget-container\">\n\t\t\t\t\t<h2 class=\"elementor-heading-title elementor-size-default\">Conhe\u00e7a Nossa Equipe:<\/h2>\t\t\t\t<\/div>\n\t\t\t\t<\/div>\n\t\t\t\t<div class=\"elementor-element elementor-element-5f0dfca elementor-widget elementor-widget-heading\" data-id=\"5f0dfca\" data-element_type=\"widget\" data-e-type=\"widget\" data-widget_type=\"heading.default\">\n\t\t\t\t<div class=\"elementor-widget-container\">\n\t\t\t\t\t<h2 class=\"elementor-heading-title elementor-size-default\">Compromisso com a excel\u00eancia em tudo que fazemos.<\/h2>\t\t\t\t<\/div>\n\t\t\t\t<\/div>\n\t\t<div class=\"elementor-element elementor-element-81003b4 e-grid e-con-full wpr-particle-no wpr-jarallax-no wpr-parallax-no wpr-sticky-section-no wpr-equal-height-no e-con e-child\" data-id=\"81003b4\" data-element_type=\"container\" data-e-type=\"container\">\n\t\t\t\t<div class=\"elementor-element elementor-element-b113cfe elementor-position-top elementor-widget elementor-widget-image-box\" data-id=\"b113cfe\" data-element_type=\"widget\" data-e-type=\"widget\" data-widget_type=\"image-box.default\">\n\t\t\t\t<div class=\"elementor-widget-container\">\n\t\t\t\t\t<div class=\"elementor-image-box-wrapper\"><figure class=\"elementor-image-box-img\"><img decoding=\"async\" src=\"https:\/\/descomplicandosite.com\/capturestudiom\/wp-content\/uploads\/elementor\/thumbs\/equipe-6-qxhnrbhpjrxlkqnnsw03eg8bi6ky56j95t5sq56pi8.png\" title=\"equipe (6)\" alt=\"equipe (6)\" loading=\"lazy\" \/><\/figure><div class=\"elementor-image-box-content\"><h3 class=\"elementor-image-box-title\">Karina Vilela<\/h3><p class=\"elementor-image-box-description\">Fot\u00f3grafo S\u00eanior - Respons\u00e1vel pela dire\u00e7\u00e3o criativa de cada projeto, garantindo a capta\u00e7\u00e3o de imagens aut\u00eanticas e memor\u00e1veis. Supervisiona a equipe para assegurar a excel\u00eancia em cada clique.<\/p><\/div><\/div>\t\t\t\t<\/div>\n\t\t\t\t<\/div>\n\t\t\t\t<div class=\"elementor-element elementor-element-9436f2f elementor-position-top elementor-widget elementor-widget-image-box\" data-id=\"9436f2f\" data-element_type=\"widget\" data-e-type=\"widget\" data-widget_type=\"image-box.default\">\n\t\t\t\t<div class=\"elementor-widget-container\">\n\t\t\t\t\t<div class=\"elementor-image-box-wrapper\"><figure class=\"elementor-image-box-img\"><img decoding=\"async\" src=\"https:\/\/descomplicandosite.com\/capturestudiom\/wp-content\/uploads\/elementor\/thumbs\/equipe-5-qxhnrdddxg067ykxhwtcjfr8oybokkqpu2grop3x5s.png\" title=\"equipe (5)\" alt=\"equipe (5)\" loading=\"lazy\" \/><\/figure><div class=\"elementor-image-box-content\"><h3 class=\"elementor-image-box-title\">Juliana Junqueira<\/h3><p class=\"elementor-image-box-description\">Especialista em Ensaios - Apaixonada por contar hist\u00f3rias por meio de imagens, \u00e9 focada em ensaios individuais e familiares, criando registros que refletem emo\u00e7\u00e3o e conex\u00e3o.\n<\/p><\/div><\/div>\t\t\t\t<\/div>\n\t\t\t\t<\/div>\n\t\t\t\t<div class=\"elementor-element elementor-element-058657b elementor-position-top elementor-widget elementor-widget-image-box\" data-id=\"058657b\" data-element_type=\"widget\" data-e-type=\"widget\" data-widget_type=\"image-box.default\">\n\t\t\t\t<div class=\"elementor-widget-container\">\n\t\t\t\t\t<div class=\"elementor-image-box-wrapper\"><figure class=\"elementor-image-box-img\"><img decoding=\"async\" src=\"https:\/\/descomplicandosite.com\/capturestudiom\/wp-content\/uploads\/elementor\/thumbs\/equipe-1-qxhnrbhpjrxlkqnnsw03eg8bi6ky56j95t5sq56pi8.png\" title=\"equipe (1)\" alt=\"equipe (1)\" loading=\"lazy\" \/><\/figure><div class=\"elementor-image-box-content\"><h3 class=\"elementor-image-box-title\">Amilton Fernandes<\/h3><p class=\"elementor-image-box-description\">Fot\u00f3grafo de Eventos - Dedicada a capturar os momentos \u00fanicos e espont\u00e2neos de eventos e casamentos, eternizando mem\u00f3rias com sensibilidade e estilo.\n\n<\/p><\/div><\/div>\t\t\t\t<\/div>\n\t\t\t\t<\/div>\n\t\t\t\t<div class=\"elementor-element elementor-element-8c283fa elementor-position-top elementor-widget elementor-widget-image-box\" data-id=\"8c283fa\" data-element_type=\"widget\" data-e-type=\"widget\" data-widget_type=\"image-box.default\">\n\t\t\t\t<div class=\"elementor-widget-container\">\n\t\t\t\t\t<div class=\"elementor-image-box-wrapper\"><figure class=\"elementor-image-box-img\"><img decoding=\"async\" src=\"https:\/\/descomplicandosite.com\/capturestudiom\/wp-content\/uploads\/elementor\/thumbs\/equipe-4-qxhnrdddxg067ykxhwtcjfr8oybokkqpu2grop3x5s.png\" title=\"equipe (4)\" alt=\"equipe (4)\" loading=\"lazy\" \/><\/figure><div class=\"elementor-image-box-content\"><h3 class=\"elementor-image-box-title\">Ant\u00f4nio Rodrigues<\/h3><p class=\"elementor-image-box-description\">Especialista em Fotografia Comercial - Focado em destacar marcas e produtos, combina t\u00e9cnica e criatividade para criar imagens impactantes e estrat\u00e9gicas para campanhas e materiais promocionais.\n\n<\/p><\/div><\/div>\t\t\t\t<\/div>\n\t\t\t\t<\/div>\n\t\t\t\t<div class=\"elementor-element elementor-element-b8ce0b9 elementor-position-top elementor-widget elementor-widget-image-box\" data-id=\"b8ce0b9\" data-element_type=\"widget\" data-e-type=\"widget\" data-widget_type=\"image-box.default\">\n\t\t\t\t<div class=\"elementor-widget-container\">\n\t\t\t\t\t<div class=\"elementor-image-box-wrapper\"><figure class=\"elementor-image-box-img\"><img decoding=\"async\" src=\"https:\/\/descomplicandosite.com\/capturestudiom\/wp-content\/uploads\/elementor\/thumbs\/equipe-3-qxhnrdddxg067ykxhwtcjfr8oybokkqpu2grop3x5s.png\" title=\"equipe (3)\" alt=\"equipe (3)\" loading=\"lazy\" \/><\/figure><div class=\"elementor-image-box-content\"><h3 class=\"elementor-image-box-title\">Fernanda Batista<\/h3><p class=\"elementor-image-box-description\">Coordenadora de Projetos Fotogr\u00e1ficos - Gerencia o planejamento e execu\u00e7\u00e3o de cada trabalho, garantindo uma comunica\u00e7\u00e3o eficiente com os clientes e a organiza\u00e7\u00e3o impec\u00e1vel de cada etapa do projeto.\n\n<\/p><\/div><\/div>\t\t\t\t<\/div>\n\t\t\t\t<\/div>\n\t\t\t\t<div class=\"elementor-element elementor-element-e3a9964 elementor-position-top elementor-widget elementor-widget-image-box\" data-id=\"e3a9964\" data-element_type=\"widget\" data-e-type=\"widget\" data-widget_type=\"image-box.default\">\n\t\t\t\t<div class=\"elementor-widget-container\">\n\t\t\t\t\t<div class=\"elementor-image-box-wrapper\"><figure class=\"elementor-image-box-img\"><img decoding=\"async\" src=\"https:\/\/descomplicandosite.com\/capturestudiom\/wp-content\/uploads\/elementor\/thumbs\/equipe-2-qxhnrdddxg067ykxhwtcjfr8oybokkqpu2grop3x5s.png\" title=\"equipe (2)\" alt=\"equipe (2)\" loading=\"lazy\" \/><\/figure><div class=\"elementor-image-box-content\"><h3 class=\"elementor-image-box-title\">Jos\u00e9 Carlos<\/h3><p class=\"elementor-image-box-description\">Consultora de Imagem - Orienta clientes sobre como se posicionar diante das lentes, ajudando a criar uma presen\u00e7a marcante em ensaios corporativos e pessoais. Tamb\u00e9m atua no planejamento visual de cada sess\u00e3o.\n\n\n<\/p><\/div><\/div>\t\t\t\t<\/div>\n\t\t\t\t<\/div>\n\t\t\t\t<\/div>\n\t\t\t\t<div class=\"elementor-element elementor-element-d4ebf3a elementor-align-center elementor-widget elementor-widget-button\" data-id=\"d4ebf3a\" data-element_type=\"widget\" data-e-type=\"widget\" data-widget_type=\"button.default\">\n\t\t\t\t<div class=\"elementor-widget-container\">\n\t\t\t\t\t\t\t\t\t<div class=\"elementor-button-wrapper\">\n\t\t\t\t\t<a class=\"elementor-button elementor-button-link elementor-size-sm elementor-animation-shrink\" href=\"#\">\n\t\t\t\t\t\t<span class=\"elementor-button-content-wrapper\">\n\t\t\t\t\t\t<span class=\"elementor-button-icon\">\n\t\t\t\t<svg aria-hidden=\"true\" class=\"e-font-icon-svg e-fab-whatsapp\" viewBox=\"0 0 448 512\" xmlns=\"http:\/\/www.w3.org\/2000\/svg\"><path d=\"M380.9 97.1C339 55.1 283.2 32 223.9 32c-122.4 0-222 99.6-222 222 0 39.1 10.2 77.3 29.6 111L0 480l117.7-30.9c32.4 17.7 68.9 27 106.1 27h.1c122.3 0 224.1-99.6 224.1-222 0-59.3-25.2-115-67.1-157zm-157 341.6c-33.2 0-65.7-8.9-94-25.7l-6.7-4-69.8 18.3L72 359.2l-4.4-7c-18.5-29.4-28.2-63.3-28.2-98.2 0-101.7 82.8-184.5 184.6-184.5 49.3 0 95.6 19.2 130.4 54.1 34.8 34.9 56.2 81.2 56.1 130.5 0 101.8-84.9 184.6-186.6 184.6zm101.2-138.2c-5.5-2.8-32.8-16.2-37.9-18-5.1-1.9-8.8-2.8-12.5 2.8-3.7 5.6-14.3 18-17.6 21.8-3.2 3.7-6.5 4.2-12 1.4-32.6-16.3-54-29.1-75.5-66-5.7-9.8 5.7-9.1 16.3-30.3 1.8-3.7.9-6.9-.5-9.7-1.4-2.8-12.5-30.1-17.1-41.2-4.5-10.8-9.1-9.3-12.5-9.5-3.2-.2-6.9-.2-10.6-.2-3.7 0-9.7 1.4-14.8 6.9-5.1 5.6-19.4 19-19.4 46.3 0 27.3 19.9 53.7 22.6 57.4 2.8 3.7 39.1 59.7 94.8 83.8 35.2 15.2 49 16.5 66.6 13.9 10.7-1.6 32.8-13.4 37.4-26.4 4.6-13 4.6-24.1 3.2-26.4-1.3-2.5-5-3.9-10.5-6.6z\"><\/path><\/svg>\t\t\t<\/span>\n\t\t\t\t\t\t\t\t\t<span class=\"elementor-button-text\">Pedir Or\u00e7amento<\/span>\n\t\t\t\t\t<\/span>\n\t\t\t\t\t<\/a>\n\t\t\t\t<\/div>\n\t\t\t\t\t\t\t\t<\/div>\n\t\t\t\t<\/div>\n\t\t\t\t\t<\/div>\n\t\t\t\t<\/div>\n\t\t\t\t<\/div>\n\t\t","protected":false},"excerpt":{"rendered":"<p>Sobre N\u00f3s Sobre N\u00f3s Fotografo profissional em UBERL\u00c2NDIA Transformamos momentos em arte e hist\u00f3rias em mem\u00f3rias inesquec\u00edveis. Mais do que fot\u00f3grafos, somos contadores de hist\u00f3rias que capturam a ess\u00eancia de cada instante com sensibilidade e perfei\u00e7\u00e3o. Nosso trabalho \u00e9 guiado pela paix\u00e3o em registrar o que h\u00e1 de mais especial na vida: emo\u00e7\u00f5es genu\u00ednas, conex\u00f5es verdadeiras e a beleza \u00fanica de cada detalhe. Acreditamos que a fotografia vai al\u00e9m de uma imagem; ela \u00e9 um legado que atravessa o tempo, preservando lembran\u00e7as e sentimentos. Com equipamentos de ponta e um olhar criativo, garantimos registros personalizados que traduzem sua personalidade e estilo. Seja para um casamento, ensaio pessoal, evento ou projeto comercial, estamos aqui para criar imagens que falem por si e emocionem por gera\u00e7\u00f5es. Escolha a excel\u00eancia. Escolha viver seus momentos atrav\u00e9s de nossas lentes. Veja Alguns Dos Nossos Projetos Nossos N\u00fameros Clientes satisfeitos + 0 Ensaios realizados + 0 Fotos entregues + 0 Conhe\u00e7a Nossa Equipe: Compromisso com a excel\u00eancia em tudo que fazemos. Karina Vilela Fot\u00f3grafo S\u00eanior &#8211; Respons\u00e1vel pela dire\u00e7\u00e3o criativa de cada projeto, garantindo a capta\u00e7\u00e3o de imagens aut\u00eanticas e memor\u00e1veis. Supervisiona a equipe para assegurar a excel\u00eancia em cada clique. Juliana Junqueira Especialista em Ensaios &#8211; Apaixonada por contar hist\u00f3rias por meio de imagens, \u00e9 focada em ensaios individuais e familiares, criando registros que refletem emo\u00e7\u00e3o e conex\u00e3o. Amilton Fernandes Fot\u00f3grafo de Eventos &#8211; Dedicada a capturar os momentos \u00fanicos e espont\u00e2neos de eventos e casamentos, eternizando mem\u00f3rias com sensibilidade e estilo. Ant\u00f4nio Rodrigues Especialista em Fotografia Comercial &#8211; Focado em destacar marcas e produtos, combina t\u00e9cnica e criatividade para criar imagens impactantes e estrat\u00e9gicas para campanhas e materiais promocionais. Fernanda Batista Coordenadora de Projetos Fotogr\u00e1ficos &#8211; Gerencia o planejamento e execu\u00e7\u00e3o de cada trabalho, garantindo uma comunica\u00e7\u00e3o eficiente com os clientes e a organiza\u00e7\u00e3o impec\u00e1vel de cada etapa do projeto. Jos\u00e9 Carlos Consultora de Imagem &#8211; Orienta clientes sobre como se posicionar diante das lentes, ajudando a criar uma presen\u00e7a marcante em ensaios corporativos e pessoais. Tamb\u00e9m atua no planejamento visual de cada sess\u00e3o. Pedir Or\u00e7amento<\/p>\n","protected":false},"author":2,"featured_media":0,"parent":0,"menu_order":0,"comment_status":"closed","ping_status":"closed","template":"elementor_header_footer","meta":{"footnotes":""},"class_list":["post-12","page","type-page","status-publish","hentry"],"_links":{"self":[{"href":"https:\/\/descomplicandosite.com\/capturestudiom\/wp-json\/wp\/v2\/pages\/12","targetHints":{"allow":["GET"]}}],"collection":[{"href":"https:\/\/descomplicandosite.com\/capturestudiom\/wp-json\/wp\/v2\/pages"}],"about":[{"href":"https:\/\/descomplicandosite.com\/capturestudiom\/wp-json\/wp\/v2\/types\/page"}],"author":[{"embeddable":true,"href":"https:\/\/descomplicandosite.com\/capturestudiom\/wp-json\/wp\/v2\/users\/2"}],"replies":[{"embeddable":true,"href":"https:\/\/descomplicandosite.com\/capturestudiom\/wp-json\/wp\/v2\/comments?post=12"}],"version-history":[{"count":0,"href":"https:\/\/descomplicandosite.com\/capturestudiom\/wp-json\/wp\/v2\/pages\/12\/revisions"}],"wp:attachment":[{"href":"https:\/\/descomplicandosite.com\/capturestudiom\/wp-json\/wp\/v2\/media?parent=12"}],"curies":[{"name":"wp","href":"https:\/\/api.w.org\/{rel}","templated":true}]}}