{"id":675,"date":"2024-08-21T21:45:08","date_gmt":"2024-08-21T21:45:08","guid":{"rendered":"https:\/\/descomplicandosite.com\/achadinhos\/?post_type=product&#038;p=675"},"modified":"2024-08-21T22:25:22","modified_gmt":"2024-08-21T22:25:22","slug":"desfiador-triturador-cortador-de-frango-id-ca006","status":"publish","type":"product","link":"https:\/\/descomplicandosite.com\/achadinhos\/produto\/desfiador-triturador-cortador-de-frango-id-ca006\/","title":{"rendered":"Desfiador Triturador Cortador De Frango &#8211; ID CA006"},"content":{"rendered":"<blockquote class=\"tiktok-embed\" cite=\"https:\/\/www.tiktok.com\/@achadinhos.mls\/video\/7405722172410400006\" data-video-id=\"7405722172410400006\" style=\"max-width: 605px;min-width: 325px;\" >\n<section> <a target=\"_blank\" title=\"@achadinhos.mls\" href=\"https:\/\/www.tiktok.com\/@achadinhos.mls?refer=embed\" rel=\"noopener\">@achadinhos.mls<\/a> Achadinhos sensacionais para a sua cozinha! Link na Bio. <a title=\"cozinhashopee\" target=\"_blank\" href=\"https:\/\/www.tiktok.com\/tag\/cozinhashopee?refer=embed\" rel=\"noopener\">#cozinhashopee<\/a> <a title=\"achadinhos\" target=\"_blank\" href=\"https:\/\/www.tiktok.com\/tag\/achadinhos?refer=embed\" rel=\"noopener\">#achadinhos<\/a> <a target=\"_blank\" title=\"\u266c som original achadinhos.mls\" href=\"https:\/\/www.tiktok.com\/music\/som-original-achadinhosmls-0?refer=embed\" rel=\"noopener\">\u266c som original achadinhos.mls<\/a> <\/section>\n<\/blockquote>\n<p> <script async src=\"https:\/\/www.tiktok.com\/embed.js\"><\/script><\/p>\n<p>Pode moer rapidamente e facilmente carne cozida, frango, carne bovina, porco e peixe em poucos segundos.<br \/>\n\u00c9 feito de material ABS de alta qualidade, que n\u00e3o \u00e9 f\u00e1cil de quebrar, pode ser reutilizado e \u00e9 dur\u00e1vel.<\/p>\n<p>F\u00e1cil de usar: coloque o frango na m\u00e1quina, cubra a tampa e, em seguida, use a al\u00e7a integrada para girar v\u00e1rias vezes para cortar e triturar, o que \u00e9 muito simples e conveniente.<\/p>\n<p>Esta ferramenta de corte \u00e9 um excelente complemento para qualquer cozinha. Tem uma base antiderrapante para adicionar estabilidade extra e manter o triturador no lugar durante o uso. A al\u00e7a f\u00e1cil de segurar fornece alavanca adicional para opera\u00e7\u00e3o r\u00e1pida e f\u00e1cil.<br \/>\nLivre de BPA e pode ser lavado na lava-lou\u00e7as.<\/p>\n<p>Prepare rapidamente a comida mais popular em casa.<\/p>\n<p>Tamanho do produto: 20 cm x 20 cm x 8 cm<br \/>\nCor: Vermelho\/Preto<br \/>\nPeso: 300 g<br \/>\nMaterial: ABS<\/p>\n<p>Itens Inclusos:<br \/>\n1- Desfiador Frango<\/p>\n","protected":false},"excerpt":{"rendered":"<p>@achadinhos.mls Achadinhos sensacionais para a sua cozinha! Link na Bio. #cozinhashopee #achadinhos \u266c som original achadinhos.mls Pode moer rapidamente e facilmente carne cozida, frango, carne bovina, porco e peixe em poucos segundos. \u00c9 feito de material ABS de alta qualidade, que n\u00e3o \u00e9 f\u00e1cil de quebrar, pode ser reutilizado e \u00e9 dur\u00e1vel. F\u00e1cil de usar: [&hellip;]<\/p>\n","protected":false},"featured_media":676,"comment_status":"open","ping_status":"closed","template":"","meta":[],"product_cat":[15,17],"product_tag":[],"class_list":{"0":"post-675","1":"product","2":"type-product","3":"status-publish","4":"has-post-thumbnail","6":"product_cat-todos","7":"product_cat-cozinha","9":"first","10":"instock","11":"shipping-taxable","12":"product-type-external"},"_links":{"self":[{"href":"https:\/\/descomplicandosite.com\/achadinhos\/wp-json\/wp\/v2\/product\/675"}],"collection":[{"href":"https:\/\/descomplicandosite.com\/achadinhos\/wp-json\/wp\/v2\/product"}],"about":[{"href":"https:\/\/descomplicandosite.com\/achadinhos\/wp-json\/wp\/v2\/types\/product"}],"replies":[{"embeddable":true,"href":"https:\/\/descomplicandosite.com\/achadinhos\/wp-json\/wp\/v2\/comments?post=675"}],"wp:featuredmedia":[{"embeddable":true,"href":"https:\/\/descomplicandosite.com\/achadinhos\/wp-json\/wp\/v2\/media\/676"}],"wp:attachment":[{"href":"https:\/\/descomplicandosite.com\/achadinhos\/wp-json\/wp\/v2\/media?parent=675"}],"wp:term":[{"taxonomy":"product_cat","embeddable":true,"href":"https:\/\/descomplicandosite.com\/achadinhos\/wp-json\/wp\/v2\/product_cat?post=675"},{"taxonomy":"product_tag","embeddable":true,"href":"https:\/\/descomplicandosite.com\/achadinhos\/wp-json\/wp\/v2\/product_tag?post=675"}],"curies":[{"name":"wp","href":"https:\/\/api.w.org\/{rel}","templated":true}]}}