{"id":672,"date":"2024-08-21T21:42:45","date_gmt":"2024-08-21T21:42:45","guid":{"rendered":"https:\/\/descomplicandosite.com\/achadinhos\/?post_type=product&#038;p=672"},"modified":"2024-08-21T22:25:44","modified_gmt":"2024-08-21T22:25:44","slug":"misturador-automatico-panela-cremes-molho-brigadeiro","status":"publish","type":"product","link":"https:\/\/descomplicandosite.com\/achadinhos\/produto\/misturador-automatico-panela-cremes-molho-brigadeiro\/","title":{"rendered":"Misturador Autom\u00e1tico Panela Cremes Molho Brigadeiro"},"content":{"rendered":"<blockquote class=\"tiktok-embed\" cite=\"https:\/\/www.tiktok.com\/@achadinhos.mls\/video\/7405722172410400006\" data-video-id=\"7405722172410400006\" style=\"max-width: 605px;min-width: 325px;\" >\n<section> <a target=\"_blank\" title=\"@achadinhos.mls\" href=\"https:\/\/www.tiktok.com\/@achadinhos.mls?refer=embed\" rel=\"noopener\">@achadinhos.mls<\/a> Achadinhos sensacionais para a sua cozinha! Link na Bio. <a title=\"cozinhashopee\" target=\"_blank\" href=\"https:\/\/www.tiktok.com\/tag\/cozinhashopee?refer=embed\" rel=\"noopener\">#cozinhashopee<\/a> <a title=\"achadinhos\" target=\"_blank\" href=\"https:\/\/www.tiktok.com\/tag\/achadinhos?refer=embed\" rel=\"noopener\">#achadinhos<\/a> <a target=\"_blank\" title=\"\u266c som original achadinhos.mls\" href=\"https:\/\/www.tiktok.com\/music\/som-original-achadinhosmls-0?refer=embed\" rel=\"noopener\">\u266c som original achadinhos.mls<\/a> <\/section>\n<\/blockquote>\n<p> <script async src=\"https:\/\/www.tiktok.com\/embed.js\"><\/script><\/p>\n<p>Mexedor Autom\u00e1tico Misturador e Batedor de molhos, Doces em Panela !<\/p>\n<p>&#8211; F\u00e1cil Utiliza\u00e7\u00e3o<br \/>\n&#8211; Possui 3 N\u00edveis de Velocidade<br \/>\n&#8211; Pode ser Desmontado Rapidamente<br \/>\n&#8211; Fa\u00e7a Cremes, Molhos, Sopas, Doces, Etc&#8230;<\/p>\n<p>Caracter\u00edsticas:<br \/>\n&#8211; Marca: Clink<br \/>\n&#8211; Material: Pl\u00e1stico PP, Borracha Termopl\u00e1stica e A\u00e7o Inoxid\u00e1vel<br \/>\n&#8211; Alimenta\u00e7\u00e3o: 04 Pilhas tipo &#8220;AA&#8221; (n\u00e3o inclusas);<br \/>\n&#8211; Dimens\u00f5es: 18,3cm x 4,3cm;<\/p>\n","protected":false},"excerpt":{"rendered":"<p>@achadinhos.mls Achadinhos sensacionais para a sua cozinha! Link na Bio. #cozinhashopee #achadinhos \u266c som original achadinhos.mls Mexedor Autom\u00e1tico Misturador e Batedor de molhos, Doces em Panela ! &#8211; F\u00e1cil Utiliza\u00e7\u00e3o &#8211; Possui 3 N\u00edveis de Velocidade &#8211; Pode ser Desmontado Rapidamente &#8211; Fa\u00e7a Cremes, Molhos, Sopas, Doces, Etc&#8230; Caracter\u00edsticas: &#8211; Marca: Clink &#8211; Material: Pl\u00e1stico [&hellip;]<\/p>\n","protected":false},"featured_media":673,"comment_status":"open","ping_status":"closed","template":"","meta":[],"product_cat":[15,17],"product_tag":[],"class_list":{"0":"post-672","1":"product","2":"type-product","3":"status-publish","4":"has-post-thumbnail","6":"product_cat-todos","7":"product_cat-cozinha","9":"first","10":"instock","11":"shipping-taxable","12":"product-type-external"},"_links":{"self":[{"href":"https:\/\/descomplicandosite.com\/achadinhos\/wp-json\/wp\/v2\/product\/672"}],"collection":[{"href":"https:\/\/descomplicandosite.com\/achadinhos\/wp-json\/wp\/v2\/product"}],"about":[{"href":"https:\/\/descomplicandosite.com\/achadinhos\/wp-json\/wp\/v2\/types\/product"}],"replies":[{"embeddable":true,"href":"https:\/\/descomplicandosite.com\/achadinhos\/wp-json\/wp\/v2\/comments?post=672"}],"wp:featuredmedia":[{"embeddable":true,"href":"https:\/\/descomplicandosite.com\/achadinhos\/wp-json\/wp\/v2\/media\/673"}],"wp:attachment":[{"href":"https:\/\/descomplicandosite.com\/achadinhos\/wp-json\/wp\/v2\/media?parent=672"}],"wp:term":[{"taxonomy":"product_cat","embeddable":true,"href":"https:\/\/descomplicandosite.com\/achadinhos\/wp-json\/wp\/v2\/product_cat?post=672"},{"taxonomy":"product_tag","embeddable":true,"href":"https:\/\/descomplicandosite.com\/achadinhos\/wp-json\/wp\/v2\/product_tag?post=672"}],"curies":[{"name":"wp","href":"https:\/\/api.w.org\/{rel}","templated":true}]}}