{"id":670,"date":"2024-08-21T21:40:12","date_gmt":"2024-08-21T21:40:12","guid":{"rendered":"https:\/\/descomplicandosite.com\/achadinhos\/?post_type=product&#038;p=670"},"modified":"2024-08-21T22:25:53","modified_gmt":"2024-08-21T22:25:53","slug":"porta-frios-triplo-triplex-3-andares-3-compartimentos","status":"publish","type":"product","link":"https:\/\/descomplicandosite.com\/achadinhos\/produto\/porta-frios-triplo-triplex-3-andares-3-compartimentos\/","title":{"rendered":"Porta Frios Triplo Triplex 3 Andares 3 Compartimentos"},"content":{"rendered":"<blockquote class=\"tiktok-embed\" cite=\"https:\/\/www.tiktok.com\/@achadinhos.mls\/video\/7405722172410400006\" data-video-id=\"7405722172410400006\" style=\"max-width: 605px;min-width: 325px;\" >\n<section> <a target=\"_blank\" title=\"@achadinhos.mls\" href=\"https:\/\/www.tiktok.com\/@achadinhos.mls?refer=embed\" rel=\"noopener\">@achadinhos.mls<\/a> Achadinhos sensacionais para a sua cozinha! Link na Bio. <a title=\"cozinhashopee\" target=\"_blank\" href=\"https:\/\/www.tiktok.com\/tag\/cozinhashopee?refer=embed\" rel=\"noopener\">#cozinhashopee<\/a> <a title=\"achadinhos\" target=\"_blank\" href=\"https:\/\/www.tiktok.com\/tag\/achadinhos?refer=embed\" rel=\"noopener\">#achadinhos<\/a> <a target=\"_blank\" title=\"\u266c som original achadinhos.mls\" href=\"https:\/\/www.tiktok.com\/music\/som-original-achadinhosmls-0?refer=embed\" rel=\"noopener\">\u266c som original achadinhos.mls<\/a> <\/section>\n<\/blockquote>\n<p> <script async src=\"https:\/\/www.tiktok.com\/embed.js\"><\/script><\/p>\n<p>O Porta Frios Luxo Acr\u00edlico 3 Compartimentos \u00e9 indispens\u00e1vel na sua geladeira para conserva\u00e7\u00e3o e organiza\u00e7\u00e3o. Projetado para armazenar e servir frios com praticidade e higiene, pode ser levado diretamente \u00e0 mesa. Por ter a estrutura confeccionada em acr\u00edlico de alta qualidade, \u00e9 dur\u00e1vel, at\u00f3xico e com alta resist\u00eancia a riscos e a impactos.<\/p>\n<p>N\u00e3o ret\u00e9m cheiro e n\u00e3o altera o sabor dos alimentos. A tampa com excelente veda\u00e7\u00e3o impede contato com o ar gelado, mantendo o alimento fresco e saboroso por muito mais tempo. Armazena, otimiza espa\u00e7o e conserva.<\/p>\n<p>Triplo em forma de torre, as divis\u00f3rias permitem separar o conte\u00fado para que n\u00e3o misturem cheiros e sabores. Os tr\u00eas potes s\u00e3o empilh\u00e1veis, sendo poss\u00edvel escolher quantas bandejas ir\u00e1 usar.<\/p>\n<p>Todo transparente para que seja poss\u00edvel visualizar o alimento e quantidade sem abrir a tampa, possui design clean, moderno e f\u00e1cil de harmonizar.<\/p>\n<p>F\u00e1cil de lavar, basta utilizar sab\u00e3o neutro e uma esponja macia.<\/p>\n<p>Especifica\u00e7\u00f5es T\u00e9cnicas:<br \/>\nCaracter\u00edsticas: Recipiente r\u00edgido para armazenamento de alimentos<br \/>\nComposi\u00e7\u00e3o: Acr\u00edlico<br \/>\nDimens\u00f5es: 17,5 x 14,5 x 10 cm (cada bandeja possui 3,3 cm de altura)<br \/>\nPeso: 750 gramas<br \/>\nCor: Estrutura transparente<br \/>\nAcabamento: Liso<br \/>\nO que vai na embalagem: 3 Pratos Porta Frios Empilh\u00e1veis + 1 Tampa<\/p>\n","protected":false},"excerpt":{"rendered":"<p>@achadinhos.mls Achadinhos sensacionais para a sua cozinha! Link na Bio. #cozinhashopee #achadinhos \u266c som original achadinhos.mls O Porta Frios Luxo Acr\u00edlico 3 Compartimentos \u00e9 indispens\u00e1vel na sua geladeira para conserva\u00e7\u00e3o e organiza\u00e7\u00e3o. Projetado para armazenar e servir frios com praticidade e higiene, pode ser levado diretamente \u00e0 mesa. Por ter a estrutura confeccionada em acr\u00edlico [&hellip;]<\/p>\n","protected":false},"featured_media":671,"comment_status":"open","ping_status":"closed","template":"","meta":[],"product_cat":[15,17],"product_tag":[],"class_list":{"0":"post-670","1":"product","2":"type-product","3":"status-publish","4":"has-post-thumbnail","6":"product_cat-todos","7":"product_cat-cozinha","9":"first","10":"instock","11":"shipping-taxable","12":"product-type-external"},"_links":{"self":[{"href":"https:\/\/descomplicandosite.com\/achadinhos\/wp-json\/wp\/v2\/product\/670"}],"collection":[{"href":"https:\/\/descomplicandosite.com\/achadinhos\/wp-json\/wp\/v2\/product"}],"about":[{"href":"https:\/\/descomplicandosite.com\/achadinhos\/wp-json\/wp\/v2\/types\/product"}],"replies":[{"embeddable":true,"href":"https:\/\/descomplicandosite.com\/achadinhos\/wp-json\/wp\/v2\/comments?post=670"}],"wp:featuredmedia":[{"embeddable":true,"href":"https:\/\/descomplicandosite.com\/achadinhos\/wp-json\/wp\/v2\/media\/671"}],"wp:attachment":[{"href":"https:\/\/descomplicandosite.com\/achadinhos\/wp-json\/wp\/v2\/media?parent=670"}],"wp:term":[{"taxonomy":"product_cat","embeddable":true,"href":"https:\/\/descomplicandosite.com\/achadinhos\/wp-json\/wp\/v2\/product_cat?post=670"},{"taxonomy":"product_tag","embeddable":true,"href":"https:\/\/descomplicandosite.com\/achadinhos\/wp-json\/wp\/v2\/product_tag?post=670"}],"curies":[{"name":"wp","href":"https:\/\/api.w.org\/{rel}","templated":true}]}}