{"id":668,"date":"2024-08-21T21:38:16","date_gmt":"2024-08-21T21:38:16","guid":{"rendered":"https:\/\/descomplicandosite.com\/achadinhos\/?post_type=product&#038;p=668"},"modified":"2024-08-21T22:29:09","modified_gmt":"2024-08-21T22:29:09","slug":"porta-toalhas-de-papel-com-frasco-de-spra-id-ca002","status":"publish","type":"product","link":"https:\/\/descomplicandosite.com\/achadinhos\/produto\/porta-toalhas-de-papel-com-frasco-de-spra-id-ca002\/","title":{"rendered":"Porta-Toalhas De Papel Com Frasco De Spra &#8211; ID CA002"},"content":{"rendered":"<blockquote class=\"tiktok-embed\" cite=\"https:\/\/www.tiktok.com\/@achadinhos.mls\/video\/7405722172410400006\" data-video-id=\"7405722172410400006\" style=\"max-width: 605px;min-width: 325px;\" >\n<section> <a target=\"_blank\" title=\"@achadinhos.mls\" href=\"https:\/\/www.tiktok.com\/@achadinhos.mls?refer=embed\" rel=\"noopener\">@achadinhos.mls<\/a> Achadinhos sensacionais para a sua cozinha! Link na Bio. <a title=\"cozinhashopee\" target=\"_blank\" href=\"https:\/\/www.tiktok.com\/tag\/cozinhashopee?refer=embed\" rel=\"noopener\">#cozinhashopee<\/a> <a title=\"achadinhos\" target=\"_blank\" href=\"https:\/\/www.tiktok.com\/tag\/achadinhos?refer=embed\" rel=\"noopener\">#achadinhos<\/a> <a target=\"_blank\" title=\"\u266c som original achadinhos.mls\" href=\"https:\/\/www.tiktok.com\/music\/som-original-achadinhosmls-0?refer=embed\" rel=\"noopener\">\u266c som original achadinhos.mls<\/a> <\/section>\n<\/blockquote>\n<p> <script async src=\"https:\/\/www.tiktok.com\/embed.js\"><\/script><\/p>\n<p>Porta Toalha de Papel com Garrafa Spray Porta Rolo de Papel em A\u00e7o Inox com Base Antiderrapante Peso Antiderrapante Papel Toalha Stand SHOPSKC5818<br \/>\nLista de pe\u00e7as de pe\u00e7as de alta qualidade:<br \/>\nPorta Toalhas de Papel (Com Garrafa Spray)<\/p>\n<p>Descri\u00e7\u00e3o do detalhe:<br \/>\nDescri\u00e7\u00e3o do produto:<br \/>\nEste porta toalhas de papel com garrafa spray que \u00e9 pr\u00e1tica e mant\u00e9m a bancada limpa. Com estojo de peso antiderrapante, \u00e9 est\u00e1vel de usar. Com o rolo de toalha de papel com o rack de rolo de toalha de papel, podemos rapidamente para buscar o papel que precisamos.<\/p>\n","protected":false},"excerpt":{"rendered":"<p>@achadinhos.mls Achadinhos sensacionais para a sua cozinha! Link na Bio. #cozinhashopee #achadinhos \u266c som original achadinhos.mls Porta Toalha de Papel com Garrafa Spray Porta Rolo de Papel em A\u00e7o Inox com Base Antiderrapante Peso Antiderrapante Papel Toalha Stand SHOPSKC5818 Lista de pe\u00e7as de pe\u00e7as de alta qualidade: Porta Toalhas de Papel (Com Garrafa Spray) Descri\u00e7\u00e3o [&hellip;]<\/p>\n","protected":false},"featured_media":669,"comment_status":"open","ping_status":"closed","template":"","meta":[],"product_cat":[15,17],"product_tag":[],"class_list":{"0":"post-668","1":"product","2":"type-product","3":"status-publish","4":"has-post-thumbnail","6":"product_cat-todos","7":"product_cat-cozinha","9":"first","10":"instock","11":"shipping-taxable","12":"product-type-external"},"_links":{"self":[{"href":"https:\/\/descomplicandosite.com\/achadinhos\/wp-json\/wp\/v2\/product\/668"}],"collection":[{"href":"https:\/\/descomplicandosite.com\/achadinhos\/wp-json\/wp\/v2\/product"}],"about":[{"href":"https:\/\/descomplicandosite.com\/achadinhos\/wp-json\/wp\/v2\/types\/product"}],"replies":[{"embeddable":true,"href":"https:\/\/descomplicandosite.com\/achadinhos\/wp-json\/wp\/v2\/comments?post=668"}],"wp:featuredmedia":[{"embeddable":true,"href":"https:\/\/descomplicandosite.com\/achadinhos\/wp-json\/wp\/v2\/media\/669"}],"wp:attachment":[{"href":"https:\/\/descomplicandosite.com\/achadinhos\/wp-json\/wp\/v2\/media?parent=668"}],"wp:term":[{"taxonomy":"product_cat","embeddable":true,"href":"https:\/\/descomplicandosite.com\/achadinhos\/wp-json\/wp\/v2\/product_cat?post=668"},{"taxonomy":"product_tag","embeddable":true,"href":"https:\/\/descomplicandosite.com\/achadinhos\/wp-json\/wp\/v2\/product_tag?post=668"}],"curies":[{"name":"wp","href":"https:\/\/api.w.org\/{rel}","templated":true}]}}