{"id":666,"date":"2024-08-21T21:35:05","date_gmt":"2024-08-21T21:35:05","guid":{"rendered":"https:\/\/descomplicandosite.com\/achadinhos\/?post_type=product&#038;p=666"},"modified":"2024-08-21T22:27:31","modified_gmt":"2024-08-21T22:27:31","slug":"maquina-portatil-limpeza-de-pincel-de-maquiagem-id-be004","status":"publish","type":"product","link":"https:\/\/descomplicandosite.com\/achadinhos\/produto\/maquina-portatil-limpeza-de-pincel-de-maquiagem-id-be004\/","title":{"rendered":"Maquina Portatil Limpeza De Pincel De Maquiagem &#8211; ID BE004"},"content":{"rendered":"<blockquote class=\"tiktok-embed\" cite=\"https:\/\/www.tiktok.com\/@achadinhos.mls\/video\/7405721665751059718\" data-video-id=\"7405721665751059718\" style=\"max-width: 605px;min-width: 325px;\" >\n<section> <a target=\"_blank\" title=\"@achadinhos.mls\" href=\"https:\/\/www.tiktok.com\/@achadinhos.mls?refer=embed\" rel=\"noopener\">@achadinhos.mls<\/a> Achadinhos de Beleza incr\u00edveis \ud83e\udd70\ud83e\udd70\ud83e\udd70 <a title=\"beleza\" target=\"_blank\" href=\"https:\/\/www.tiktok.com\/tag\/beleza?refer=embed\" rel=\"noopener\">#beleza<\/a> <a title=\"achadinhosshope\" target=\"_blank\" href=\"https:\/\/www.tiktok.com\/tag\/achadinhosshope?refer=embed\" rel=\"noopener\">#achadinhosshope<\/a> <a target=\"_blank\" title=\"\u266c som original - achadinhos.mls\" href=\"https:\/\/www.tiktok.com\/music\/som-original-7405721715147967237?refer=embed\" rel=\"noopener\">\u266c som original &#8211; achadinhos.mls<\/a> <\/section>\n<\/blockquote>\n<p> <script async src=\"https:\/\/www.tiktok.com\/embed.js\"><\/script><\/p>\n<p>Maquina Portatil Limpeza De Pincel De Maquiagem Automatica 2 Velocidades Fun\u00e7ao Desidrata\u00e7ao USB<\/p>\n<p>Apresentando a M\u00e1quina Port\u00e1til de Limpeza Autom\u00e1tica de Pinc\u00e9is de Maquiagem!<\/p>\n<p>Voc\u00ea ainda se preocupa em manter seus pinc\u00e9is de maquiagem limpos e higienizados? Este novo e atualizado dispositivo el\u00e9trico de limpeza de pinc\u00e9is est\u00e1 aqui para resolver todos os seus problemas relacionados \u00e0 limpeza!<\/p>\n<p>Com duas velocidades e a fun\u00e7\u00e3o de desidrata\u00e7\u00e3o, esta m\u00e1quina n\u00e3o s\u00f3 facilita a higieniza\u00e7\u00e3o dos seus pinc\u00e9is, mas tamb\u00e9m prolonga a vida \u00fatil deles. Aqui est\u00e3o algumas vantagens:<\/p>\n<p>Limpeza Eficiente e Higi\u00eanica: O limpador de pincel el\u00e9trico garante uma limpeza completa e higi\u00eanica dos seus pinc\u00e9is, removendo sujeira, bact\u00e9rias e res\u00edduos de maquiagem.<\/p>\n<p>Prote\u00e7\u00e3o dos Pinc\u00e9is e da Pele: Este dispositivo mant\u00e9m seus pinc\u00e9is macios e dur\u00e1veis, evitando que se deformem ou quebrem durante a lavagem, garantindo uma aplica\u00e7\u00e3o suave e uniforme da maquiagem.<\/p>\n<p>Carregamento Conveniente: Equipado com um carregador, o limpador de pincel el\u00e9trico pode ser facilmente carregado e usado em qualquer lugar, seja em casa ou em viagens.<\/p>\n","protected":false},"excerpt":{"rendered":"<p>@achadinhos.mls Achadinhos de Beleza incr\u00edveis \ud83e\udd70\ud83e\udd70\ud83e\udd70 #beleza #achadinhosshope \u266c som original &#8211; achadinhos.mls Maquina Portatil Limpeza De Pincel De Maquiagem Automatica 2 Velocidades Fun\u00e7ao Desidrata\u00e7ao USB Apresentando a M\u00e1quina Port\u00e1til de Limpeza Autom\u00e1tica de Pinc\u00e9is de Maquiagem! Voc\u00ea ainda se preocupa em manter seus pinc\u00e9is de maquiagem limpos e higienizados? Este novo e atualizado dispositivo [&hellip;]<\/p>\n","protected":false},"featured_media":667,"comment_status":"open","ping_status":"closed","template":"","meta":[],"product_cat":[15,33],"product_tag":[],"class_list":{"0":"post-666","1":"product","2":"type-product","3":"status-publish","4":"has-post-thumbnail","6":"product_cat-todos","7":"product_cat-beleza","9":"first","10":"instock","11":"shipping-taxable","12":"product-type-external"},"_links":{"self":[{"href":"https:\/\/descomplicandosite.com\/achadinhos\/wp-json\/wp\/v2\/product\/666"}],"collection":[{"href":"https:\/\/descomplicandosite.com\/achadinhos\/wp-json\/wp\/v2\/product"}],"about":[{"href":"https:\/\/descomplicandosite.com\/achadinhos\/wp-json\/wp\/v2\/types\/product"}],"replies":[{"embeddable":true,"href":"https:\/\/descomplicandosite.com\/achadinhos\/wp-json\/wp\/v2\/comments?post=666"}],"wp:featuredmedia":[{"embeddable":true,"href":"https:\/\/descomplicandosite.com\/achadinhos\/wp-json\/wp\/v2\/media\/667"}],"wp:attachment":[{"href":"https:\/\/descomplicandosite.com\/achadinhos\/wp-json\/wp\/v2\/media?parent=666"}],"wp:term":[{"taxonomy":"product_cat","embeddable":true,"href":"https:\/\/descomplicandosite.com\/achadinhos\/wp-json\/wp\/v2\/product_cat?post=666"},{"taxonomy":"product_tag","embeddable":true,"href":"https:\/\/descomplicandosite.com\/achadinhos\/wp-json\/wp\/v2\/product_tag?post=666"}],"curies":[{"name":"wp","href":"https:\/\/api.w.org\/{rel}","templated":true}]}}