{"id":662,"date":"2024-08-21T21:30:26","date_gmt":"2024-08-21T21:30:26","guid":{"rendered":"https:\/\/descomplicandosite.com\/achadinhos\/?post_type=product&#038;p=662"},"modified":"2024-08-21T22:26:11","modified_gmt":"2024-08-21T22:26:11","slug":"garrafa-juicer-liquidificador-eletrico-portatil","status":"publish","type":"product","link":"https:\/\/descomplicandosite.com\/achadinhos\/produto\/garrafa-juicer-liquidificador-eletrico-portatil\/","title":{"rendered":"Garrafa Juicer Liquidificador El\u00e9trico Port\u00e1til"},"content":{"rendered":"<blockquote class=\"tiktok-embed\" cite=\"https:\/\/www.tiktok.com\/@achadinhos.mls\/video\/7405722172410400006\" data-video-id=\"7405722172410400006\" style=\"max-width: 605px;min-width: 325px;\" >\n<section> <a target=\"_blank\" title=\"@achadinhos.mls\" href=\"https:\/\/www.tiktok.com\/@achadinhos.mls?refer=embed\" rel=\"noopener\">@achadinhos.mls<\/a> Achadinhos sensacionais para a sua cozinha! Link na Bio. <a title=\"cozinhashopee\" target=\"_blank\" href=\"https:\/\/www.tiktok.com\/tag\/cozinhashopee?refer=embed\" rel=\"noopener\">#cozinhashopee<\/a> <a title=\"achadinhos\" target=\"_blank\" href=\"https:\/\/www.tiktok.com\/tag\/achadinhos?refer=embed\" rel=\"noopener\">#achadinhos<\/a> <a target=\"_blank\" title=\"\u266c som original achadinhos.mls\" href=\"https:\/\/www.tiktok.com\/music\/som-original-achadinhosmls-0?refer=embed\" rel=\"noopener\">\u266c som original achadinhos.mls<\/a> <\/section>\n<\/blockquote>\n<p> <script async src=\"https:\/\/www.tiktok.com\/embed.js\"><\/script><\/p>\n<p>CARACTERISTICAS:<br \/>\n&#8211; Eco-friendly: o copo espremedor USB vem com uma bateria recarreg\u00e1vel de 1300mAh embutida que pode ser facilmente carregada por um banco de energia, laptop, computador, adaptador ca ou outros dispositivos usb.<br \/>\n&#8211; Seguro: o motor n\u00e3o funcionar\u00e1 at\u00e9 que todas as veda\u00e7\u00f5es estejam bem apertadas, o que garante que as l\u00e2minas n\u00e3o o machuquem.<br \/>\n&#8211; Mistura R\u00e1pida: o mini liquidificador tem 2 l\u00e2minas de a\u00e7o inoxid\u00e1vel e um motor super-forte que pode misturar frutas e vegetais, para sucos e vitaminas deliciosas.<br \/>\n&#8211; F\u00e1cil de limpar: basta encher a garrafa com \u00e1gua e tocar 2 vezes no bot\u00e3o para iniciar a limpeza, o que \u00e9 super conveniente e pr\u00e1tico.<\/p>\n<p>ESPECIFICA\u00c7\u00d5ES:<br \/>\nMaterial: abs , componente eletr\u00f4nico, a\u00e7o inoxid\u00e1vel<br \/>\nEstilo: port\u00e1til<br \/>\nCapacidade: 350mL<br \/>\nTens\u00e3o de entrada: 3-5V, 1-2A<br \/>\nBateria: bateria de l\u00edtio<br \/>\n3,7 V 1300 mAh<br \/>\nAplica\u00e7\u00e3o: frutas, vegetais<\/p>\n<p>Ocasi\u00e3o: casa, escrit\u00f3rio, viagem, acampamento, academia&#8230;<\/p>\n","protected":false},"excerpt":{"rendered":"<p>@achadinhos.mls Achadinhos sensacionais para a sua cozinha! Link na Bio. #cozinhashopee #achadinhos \u266c som original achadinhos.mls CARACTERISTICAS: &#8211; Eco-friendly: o copo espremedor USB vem com uma bateria recarreg\u00e1vel de 1300mAh embutida que pode ser facilmente carregada por um banco de energia, laptop, computador, adaptador ca ou outros dispositivos usb. &#8211; Seguro: o motor n\u00e3o funcionar\u00e1 [&hellip;]<\/p>\n","protected":false},"featured_media":663,"comment_status":"open","ping_status":"closed","template":"","meta":[],"product_cat":[15,22,17],"product_tag":[],"class_list":{"0":"post-662","1":"product","2":"type-product","3":"status-publish","4":"has-post-thumbnail","6":"product_cat-todos","7":"product_cat-casa","8":"product_cat-cozinha","10":"first","11":"instock","12":"shipping-taxable","13":"product-type-external"},"_links":{"self":[{"href":"https:\/\/descomplicandosite.com\/achadinhos\/wp-json\/wp\/v2\/product\/662"}],"collection":[{"href":"https:\/\/descomplicandosite.com\/achadinhos\/wp-json\/wp\/v2\/product"}],"about":[{"href":"https:\/\/descomplicandosite.com\/achadinhos\/wp-json\/wp\/v2\/types\/product"}],"replies":[{"embeddable":true,"href":"https:\/\/descomplicandosite.com\/achadinhos\/wp-json\/wp\/v2\/comments?post=662"}],"wp:featuredmedia":[{"embeddable":true,"href":"https:\/\/descomplicandosite.com\/achadinhos\/wp-json\/wp\/v2\/media\/663"}],"wp:attachment":[{"href":"https:\/\/descomplicandosite.com\/achadinhos\/wp-json\/wp\/v2\/media?parent=662"}],"wp:term":[{"taxonomy":"product_cat","embeddable":true,"href":"https:\/\/descomplicandosite.com\/achadinhos\/wp-json\/wp\/v2\/product_cat?post=662"},{"taxonomy":"product_tag","embeddable":true,"href":"https:\/\/descomplicandosite.com\/achadinhos\/wp-json\/wp\/v2\/product_tag?post=662"}],"curies":[{"name":"wp","href":"https:\/\/api.w.org\/{rel}","templated":true}]}}