{"id":654,"date":"2024-08-21T21:17:50","date_gmt":"2024-08-21T21:17:50","guid":{"rendered":"https:\/\/descomplicandosite.com\/achadinhos\/?post_type=product&#038;p=654"},"modified":"2024-08-21T22:27:39","modified_gmt":"2024-08-21T22:27:39","slug":"mini-geladeira-portatil-para-produtos-de-beleza-id-be001","status":"publish","type":"product","link":"https:\/\/descomplicandosite.com\/achadinhos\/produto\/mini-geladeira-portatil-para-produtos-de-beleza-id-be001\/","title":{"rendered":"Mini Geladeira Port\u00e1til para produtos de Beleza &#8211; ID: BE001"},"content":{"rendered":"<blockquote class=\"tiktok-embed\" cite=\"https:\/\/www.tiktok.com\/@achadinhos.mls\/video\/7405721665751059718\" data-video-id=\"7405721665751059718\" style=\"max-width: 605px;min-width: 325px;\" >\n<section> <a target=\"_blank\" title=\"@achadinhos.mls\" href=\"https:\/\/www.tiktok.com\/@achadinhos.mls?refer=embed\" rel=\"noopener\">@achadinhos.mls<\/a> Achadinhos de Beleza incr\u00edveis \ud83e\udd70\ud83e\udd70\ud83e\udd70 <a title=\"beleza\" target=\"_blank\" href=\"https:\/\/www.tiktok.com\/tag\/beleza?refer=embed\" rel=\"noopener\">#beleza<\/a> <a title=\"achadinhosshope\" target=\"_blank\" href=\"https:\/\/www.tiktok.com\/tag\/achadinhosshope?refer=embed\" rel=\"noopener\">#achadinhosshope<\/a> <a target=\"_blank\" title=\"\u266c som original - achadinhos.mls\" href=\"https:\/\/www.tiktok.com\/music\/som-original-7405721715147967237?refer=embed\" rel=\"noopener\">\u266c som original &#8211; achadinhos.mls<\/a> <\/section>\n<\/blockquote>\n<p> <script async src=\"https:\/\/www.tiktok.com\/embed.js\"><\/script><\/p>\n<p>Super descolada e funcional, a Mini Geladeira Port\u00e1til D&amp;Z \u00e9 perfeita para seu escrit\u00f3rio, sal\u00e3o de beleza ou resid\u00eancia e, al\u00e9m de linda, \u00e9 decorativa e mant\u00e9m os seus cosm\u00e9ticos refrigerados ou aquecidos.<\/p>\n<p>A Mini Geladeira Port\u00e1til D&amp;Z tem capacidade para 8 litros, e acompanha carregador veicular de 12 V.<\/p>\n","protected":false},"excerpt":{"rendered":"<p>@achadinhos.mls Achadinhos de Beleza incr\u00edveis \ud83e\udd70\ud83e\udd70\ud83e\udd70 #beleza #achadinhosshope \u266c som original &#8211; achadinhos.mls Super descolada e funcional, a Mini Geladeira Port\u00e1til D&amp;Z \u00e9 perfeita para seu escrit\u00f3rio, sal\u00e3o de beleza ou resid\u00eancia e, al\u00e9m de linda, \u00e9 decorativa e mant\u00e9m os seus cosm\u00e9ticos refrigerados ou aquecidos. A Mini Geladeira Port\u00e1til D&amp;Z tem capacidade para 8 [&hellip;]<\/p>\n","protected":false},"featured_media":655,"comment_status":"open","ping_status":"closed","template":"","meta":[],"product_cat":[15,33],"product_tag":[],"class_list":{"0":"post-654","1":"product","2":"type-product","3":"status-publish","4":"has-post-thumbnail","6":"product_cat-todos","7":"product_cat-beleza","9":"first","10":"instock","11":"shipping-taxable","12":"product-type-external"},"_links":{"self":[{"href":"https:\/\/descomplicandosite.com\/achadinhos\/wp-json\/wp\/v2\/product\/654"}],"collection":[{"href":"https:\/\/descomplicandosite.com\/achadinhos\/wp-json\/wp\/v2\/product"}],"about":[{"href":"https:\/\/descomplicandosite.com\/achadinhos\/wp-json\/wp\/v2\/types\/product"}],"replies":[{"embeddable":true,"href":"https:\/\/descomplicandosite.com\/achadinhos\/wp-json\/wp\/v2\/comments?post=654"}],"wp:featuredmedia":[{"embeddable":true,"href":"https:\/\/descomplicandosite.com\/achadinhos\/wp-json\/wp\/v2\/media\/655"}],"wp:attachment":[{"href":"https:\/\/descomplicandosite.com\/achadinhos\/wp-json\/wp\/v2\/media?parent=654"}],"wp:term":[{"taxonomy":"product_cat","embeddable":true,"href":"https:\/\/descomplicandosite.com\/achadinhos\/wp-json\/wp\/v2\/product_cat?post=654"},{"taxonomy":"product_tag","embeddable":true,"href":"https:\/\/descomplicandosite.com\/achadinhos\/wp-json\/wp\/v2\/product_tag?post=654"}],"curies":[{"name":"wp","href":"https:\/\/api.w.org\/{rel}","templated":true}]}}